{"id":6317,"date":"2024-02-25T19:46:17","date_gmt":"2024-02-25T19:46:17","guid":{"rendered":"https:\/\/keyton.com\/?page_id=6317"},"modified":"2024-10-15T08:20:07","modified_gmt":"2024-10-15T08:20:07","slug":"kundenbetreuung","status":"publish","type":"page","link":"https:\/\/keyton.com\/de\/kundenbetreuung\/","title":{"rendered":"Kundenbetreuung"},"content":{"rendered":"\t\t<div data-elementor-type=\"wp-page\" data-elementor-id=\"6317\" class=\"elementor elementor-6317 elementor-6316\" data-elementor-post-type=\"page\">\n\t\t\t\t<div class=\"elementor-element elementor-element-62ec6de e-con-full e-flex e-con e-parent\" data-id=\"62ec6de\" data-element_type=\"container\" data-e-type=\"container\" data-settings=\"{&quot;background_background&quot;:&quot;classic&quot;}\">\n\t\t<div class=\"elementor-element elementor-element-936cf1c e-flex e-con-boxed e-con e-child\" data-id=\"936cf1c\" data-element_type=\"container\" data-e-type=\"container\">\n\t\t\t\t\t<div class=\"e-con-inner\">\n\t\t\t\t<div class=\"elementor-element elementor-element-a4ef23c elementor-widget__width-inherit elementor-widget elementor-widget-heading\" data-id=\"a4ef23c\" data-element_type=\"widget\" data-e-type=\"widget\" data-widget_type=\"heading.default\">\n\t\t\t\t<div class=\"elementor-widget-container\">\n\t\t\t\t\t<h1 class=\"elementor-heading-title elementor-size-default\">Wie k\u00f6nnen Sie uns kontaktieren?<\/h1>\t\t\t\t<\/div>\n\t\t\t\t<\/div>\n\t\t\t\t<div class=\"elementor-element elementor-element-76be6b7 elementor-widget elementor-widget-heading\" data-id=\"76be6b7\" data-element_type=\"widget\" data-e-type=\"widget\" data-widget_type=\"heading.default\">\n\t\t\t\t<div class=\"elementor-widget-container\">\n\t\t\t\t\t<h2 class=\"elementor-heading-title elementor-size-default\">Kundenbetreuung<\/h2>\t\t\t\t<\/div>\n\t\t\t\t<\/div>\n\t\t\t\t\t<\/div>\n\t\t\t\t<\/div>\n\t\t\t\t<\/div>\n\t\t<div class=\"elementor-element elementor-element-713fbde e-flex e-con-boxed e-con e-parent\" data-id=\"713fbde\" data-element_type=\"container\" data-e-type=\"container\">\n\t\t\t\t\t<div class=\"e-con-inner\">\n\t\t<div class=\"elementor-element elementor-element-2cb030b e-con-full e-flex e-con e-child\" data-id=\"2cb030b\" data-element_type=\"container\" data-e-type=\"container\">\n\t\t<div class=\"elementor-element elementor-element-ad94379 e-flex e-con-boxed e-con e-child\" data-id=\"ad94379\" data-element_type=\"container\" data-e-type=\"container\">\n\t\t\t\t\t<div class=\"e-con-inner\">\n\t\t\t\t<div class=\"elementor-element elementor-element-fa4864c elementor-flip-box--effect-fade elementor-widget elementor-widget-flip-box\" data-id=\"fa4864c\" data-element_type=\"widget\" data-e-type=\"widget\" data-widget_type=\"flip-box.default\">\n\t\t\t\t<div class=\"elementor-widget-container\">\n\t\t\t\t\t\t\t<div class=\"elementor-flip-box\" tabindex=\"0\">\n\t\t\t<div class=\"elementor-flip-box__layer elementor-flip-box__front\">\n\t\t\t\t<div class=\"elementor-flip-box__layer__overlay\">\n\t\t\t\t\t<div class=\"elementor-flip-box__layer__inner\">\n\t\t\t\t\t\t\n\t\t\t\t\t\t\t\t\t\t\t\t\t<h3 class=\"elementor-flip-box__layer__title\">\n\t\t\t\t\t\t\t\tVerkaufsunterst\u00fctzung\t\t\t\t\t\t\t<\/h3>\n\t\t\t\t\t\t\n\t\t\t\t\t\t\t\t\t\t\t\t\t<div class=\"elementor-flip-box__layer__description\">\n\t\t\t\t\t\t\t\tWenn Sie kommerzielle Unterst\u00fctzung ben\u00f6tigen oder Fragen haben, sind wir f\u00fcr Sie da.\t\t\t\t\t\t\t<\/div>\n\t\t\t\t\t\t\t\t\t\t\t<\/div>\n\t\t\t\t<\/div>\n\t\t\t<\/div>\n\t\t\t<div class=\"elementor-flip-box__layer elementor-flip-box__back\">\n\t\t\t<div class=\"elementor-flip-box__layer__overlay\">\n\t\t\t\t<div class=\"elementor-flip-box__layer__inner\">\n\t\t\t\t\t\n\t\t\t\t\t\n\t\t\t\t\t\t\t\t\t\t\t<a class=\"elementor-flip-box__button elementor-button elementor-size-sm\" href=\"https:\/\/keyton.com\/de\/kontakt\/\">\n\t\t\t\t\t\t\tKontakt zum Online-Support\t\t\t\t\t\t<\/a>\n\t\t\t\t\t\t\t\t<\/div>\n\t\t<\/div>\n\t\t<\/div>\n\t\t<\/div>\n\t\t\t\t\t\t<\/div>\n\t\t\t\t<\/div>\n\t\t\t\t\t<\/div>\n\t\t\t\t<\/div>\n\t\t\t\t<\/div>\n\t\t<div class=\"elementor-element elementor-element-b985f1c e-con-full e-flex e-con e-child\" data-id=\"b985f1c\" data-element_type=\"container\" data-e-type=\"container\">\n\t\t<div class=\"elementor-element elementor-element-9fdeed5 e-flex e-con-boxed e-con e-child\" data-id=\"9fdeed5\" data-element_type=\"container\" data-e-type=\"container\">\n\t\t\t\t\t<div class=\"e-con-inner\">\n\t\t\t\t<div class=\"elementor-element elementor-element-884927c elementor-flip-box--effect-fade elementor-widget elementor-widget-flip-box\" data-id=\"884927c\" data-element_type=\"widget\" data-e-type=\"widget\" data-widget_type=\"flip-box.default\">\n\t\t\t\t<div class=\"elementor-widget-container\">\n\t\t\t\t\t\t\t<div class=\"elementor-flip-box\" tabindex=\"0\">\n\t\t\t<div class=\"elementor-flip-box__layer elementor-flip-box__front\">\n\t\t\t\t<div class=\"elementor-flip-box__layer__overlay\">\n\t\t\t\t\t<div class=\"elementor-flip-box__layer__inner\">\n\t\t\t\t\t\t\n\t\t\t\t\t\t\t\t\t\t\t\t\t<h3 class=\"elementor-flip-box__layer__title\">\n\t\t\t\t\t\t\t\tTechnische Unterst\u00fctzung\t\t\t\t\t\t\t<\/h3>\n\t\t\t\t\t\t\n\t\t\t\t\t\t\t\t\t\t\t\t\t<div class=\"elementor-flip-box__layer__description\">\n\t\t\t\t\t\t\t\tWenn Sie ein technisches oder betriebliches Problem mit Ihrem Massagesessel l\u00f6sen m\u00fcssen, haben wir eine technische Support-Abteilung, um es zu l\u00f6sen.\t\t\t\t\t\t\t<\/div>\n\t\t\t\t\t\t\t\t\t\t\t<\/div>\n\t\t\t\t<\/div>\n\t\t\t<\/div>\n\t\t\t<div class=\"elementor-flip-box__layer elementor-flip-box__back\">\n\t\t\t<div class=\"elementor-flip-box__layer__overlay\">\n\t\t\t\t<div class=\"elementor-flip-box__layer__inner\">\n\t\t\t\t\t\n\t\t\t\t\t\n\t\t\t\t\t\t\t\t\t\t\t<a class=\"elementor-flip-box__button elementor-button elementor-size-sm\" href=\"https:\/\/keyton.com\/de\/technische-unterstuetzung\/\">\n\t\t\t\t\t\t\tTechnische Unterst\u00fctzung anfordern\t\t\t\t\t\t<\/a>\n\t\t\t\t\t\t\t\t<\/div>\n\t\t<\/div>\n\t\t<\/div>\n\t\t<\/div>\n\t\t\t\t\t\t<\/div>\n\t\t\t\t<\/div>\n\t\t\t\t\t<\/div>\n\t\t\t\t<\/div>\n\t\t\t\t<\/div>\n\t\t\t\t\t<\/div>\n\t\t\t\t<\/div>\n\t\t\t\t<\/div>\n\t\t","protected":false},"excerpt":{"rendered":"<p>Wie k\u00f6nnen Sie uns kontaktieren? Kundenbetreuung Verkaufsunterst\u00fctzung Wenn Sie kommerzielle Unterst\u00fctzung ben\u00f6tigen oder Fragen haben, sind wir f\u00fcr Sie da. Kontakt zum Online-Support Technische Unterst\u00fctzung Wenn Sie ein technisches oder betriebliches Problem mit Ihrem Massagesessel l\u00f6sen m\u00fcssen, haben wir eine technische Support-Abteilung, um es zu l\u00f6sen. Technische Unterst\u00fctzung anfordern<\/p>\n","protected":false},"author":2,"featured_media":0,"parent":0,"menu_order":0,"comment_status":"closed","ping_status":"closed","template":"","meta":{"site-sidebar-layout":"default","site-content-layout":"","ast-site-content-layout":"default","site-content-style":"default","site-sidebar-style":"default","ast-global-header-display":"","ast-banner-title-visibility":"","ast-main-header-display":"","ast-hfb-above-header-display":"","ast-hfb-below-header-display":"","ast-hfb-mobile-header-display":"","site-post-title":"","ast-breadcrumbs-content":"","ast-featured-img":"","footer-sml-layout":"","ast-disable-related-posts":"","theme-transparent-header-meta":"","adv-header-id-meta":"","stick-header-meta":"","header-above-stick-meta":"","header-main-stick-meta":"","header-below-stick-meta":"","astra-migrate-meta-layouts":"default","ast-page-background-enabled":"default","ast-page-background-meta":{"desktop":{"background-color":"var(--ast-global-color-4)","background-image":"","background-repeat":"repeat","background-position":"center center","background-size":"auto","background-attachment":"scroll","background-type":"","background-media":"","overlay-type":"","overlay-color":"","overlay-opacity":"","overlay-gradient":""},"tablet":{"background-color":"","background-image":"","background-repeat":"repeat","background-position":"center center","background-size":"auto","background-attachment":"scroll","background-type":"","background-media":"","overlay-type":"","overlay-color":"","overlay-opacity":"","overlay-gradient":""},"mobile":{"background-color":"","background-image":"","background-repeat":"repeat","background-position":"center center","background-size":"auto","background-attachment":"scroll","background-type":"","background-media":"","overlay-type":"","overlay-color":"","overlay-opacity":"","overlay-gradient":""}},"ast-content-background-meta":{"desktop":{"background-color":"var(--ast-global-color-5)","background-image":"","background-repeat":"repeat","background-position":"center center","background-size":"auto","background-attachment":"scroll","background-type":"","background-media":"","overlay-type":"","overlay-color":"","overlay-opacity":"","overlay-gradient":""},"tablet":{"background-color":"var(--ast-global-color-5)","background-image":"","background-repeat":"repeat","background-position":"center center","background-size":"auto","background-attachment":"scroll","background-type":"","background-media":"","overlay-type":"","overlay-color":"","overlay-opacity":"","overlay-gradient":""},"mobile":{"background-color":"var(--ast-global-color-5)","background-image":"","background-repeat":"repeat","background-position":"center center","background-size":"auto","background-attachment":"scroll","background-type":"","background-media":"","overlay-type":"","overlay-color":"","overlay-opacity":"","overlay-gradient":""}},"footnotes":""},"class_list":["post-6317","page","type-page","status-publish","hentry"],"yoast_head":"<!-- This site is optimized with the Yoast SEO plugin v27.1.1 - https:\/\/yoast.com\/product\/yoast-seo-wordpress\/ -->\n<title>Kontakt zu KEYTON - Unterst\u00fctzung und pers\u00f6nliche Betreuung<\/title>\n<meta name=\"description\" content=\"Ben\u00f6tigen Sie Hilfe oder w\u00fcnschen Sie weitere Informationen? Wenden Sie sich an KEYTON in unserem Zentrum in Alicante, um einen au\u00dfergew\u00f6hnlichen Kundenservice zu erhalten.\" \/>\n<meta name=\"robots\" content=\"index, follow, max-snippet:-1, max-image-preview:large, max-video-preview:-1\" \/>\n<link rel=\"canonical\" href=\"https:\/\/keyton.com\/de\/kundenbetreuung\/\" \/>\n<meta property=\"og:locale\" content=\"de_DE\" \/>\n<meta property=\"og:type\" content=\"article\" \/>\n<meta property=\"og:title\" content=\"Kontakt zu KEYTON - Unterst\u00fctzung und pers\u00f6nliche Betreuung\" \/>\n<meta property=\"og:description\" content=\"Ben\u00f6tigen Sie Hilfe oder w\u00fcnschen Sie weitere Informationen? Wenden Sie sich an KEYTON in unserem Zentrum in Alicante, um einen au\u00dfergew\u00f6hnlichen Kundenservice zu erhalten.\" \/>\n<meta property=\"og:url\" content=\"https:\/\/keyton.com\/de\/kundenbetreuung\/\" \/>\n<meta property=\"og:site_name\" content=\"KEYTON\" \/>\n<meta property=\"article:publisher\" content=\"https:\/\/www.facebook.com\/KeytonOfficial\" \/>\n<meta property=\"article:modified_time\" content=\"2024-10-15T08:20:07+00:00\" \/>\n<meta name=\"twitter:card\" content=\"summary_large_image\" \/>\n<meta name=\"twitter:label1\" content=\"Gesch\u00e4tzte Lesezeit\" \/>\n\t<meta name=\"twitter:data1\" content=\"1\u00a0Minute\" \/>\n<script type=\"application\/ld+json\" class=\"yoast-schema-graph\">{\"@context\":\"https:\/\/schema.org\",\"@graph\":[{\"@type\":\"WebPage\",\"@id\":\"https:\/\/keyton.com\/de\/kundenbetreuung\/\",\"url\":\"https:\/\/keyton.com\/de\/kundenbetreuung\/\",\"name\":\"Kontakt zu KEYTON - Unterst\u00fctzung und pers\u00f6nliche Betreuung\",\"isPartOf\":{\"@id\":\"https:\/\/keyton.com\/de\/#website\"},\"datePublished\":\"2024-02-25T19:46:17+00:00\",\"dateModified\":\"2024-10-15T08:20:07+00:00\",\"description\":\"Ben\u00f6tigen Sie Hilfe oder w\u00fcnschen Sie weitere Informationen? Wenden Sie sich an KEYTON in unserem Zentrum in Alicante, um einen au\u00dfergew\u00f6hnlichen Kundenservice zu erhalten.\",\"breadcrumb\":{\"@id\":\"https:\/\/keyton.com\/de\/kundenbetreuung\/#breadcrumb\"},\"inLanguage\":\"de\",\"potentialAction\":[{\"@type\":\"ReadAction\",\"target\":[\"https:\/\/keyton.com\/de\/kundenbetreuung\/\"]}]},{\"@type\":\"BreadcrumbList\",\"@id\":\"https:\/\/keyton.com\/de\/kundenbetreuung\/#breadcrumb\",\"itemListElement\":[{\"@type\":\"ListItem\",\"position\":1,\"name\":\"Portada\",\"item\":\"https:\/\/keyton.com\/de\/\"},{\"@type\":\"ListItem\",\"position\":2,\"name\":\"Kundenbetreuung\"}]},{\"@type\":\"WebSite\",\"@id\":\"https:\/\/keyton.com\/de\/#website\",\"url\":\"https:\/\/keyton.com\/de\/\",\"name\":\"KEYTON\",\"description\":\"Descubre c\u00f3mo el sill\u00f3n de masaje Keyton puede mejorar tu bienestar.\",\"publisher\":{\"@id\":\"https:\/\/keyton.com\/de\/#organization\"},\"potentialAction\":[{\"@type\":\"SearchAction\",\"target\":{\"@type\":\"EntryPoint\",\"urlTemplate\":\"https:\/\/keyton.com\/de\/?s={search_term_string}\"},\"query-input\":{\"@type\":\"PropertyValueSpecification\",\"valueRequired\":true,\"valueName\":\"search_term_string\"}}],\"inLanguage\":\"de\"},{\"@type\":\"Organization\",\"@id\":\"https:\/\/keyton.com\/de\/#organization\",\"name\":\"KEYTON\",\"url\":\"https:\/\/keyton.com\/de\/\",\"logo\":{\"@type\":\"ImageObject\",\"inLanguage\":\"de\",\"@id\":\"https:\/\/keyton.com\/de\/#\/schema\/logo\/image\/\",\"url\":\"https:\/\/keyton.com\/wp-content\/uploads\/2024\/03\/LOGO-KEYTON.jpg\",\"contentUrl\":\"https:\/\/keyton.com\/wp-content\/uploads\/2024\/03\/LOGO-KEYTON.jpg\",\"width\":500,\"height\":200,\"caption\":\"KEYTON\"},\"image\":{\"@id\":\"https:\/\/keyton.com\/de\/#\/schema\/logo\/image\/\"},\"sameAs\":[\"https:\/\/www.facebook.com\/KeytonOfficial\",\"https:\/\/www.instagram.com\/keyton\"]}]}<\/script>\n<!-- \/ Yoast SEO plugin. -->","yoast_head_json":{"title":"Kontakt zu KEYTON - Unterst\u00fctzung und pers\u00f6nliche Betreuung","description":"Ben\u00f6tigen Sie Hilfe oder w\u00fcnschen Sie weitere Informationen? Wenden Sie sich an KEYTON in unserem Zentrum in Alicante, um einen au\u00dfergew\u00f6hnlichen Kundenservice zu erhalten.","robots":{"index":"index","follow":"follow","max-snippet":"max-snippet:-1","max-image-preview":"max-image-preview:large","max-video-preview":"max-video-preview:-1"},"canonical":"https:\/\/keyton.com\/de\/kundenbetreuung\/","og_locale":"de_DE","og_type":"article","og_title":"Kontakt zu KEYTON - Unterst\u00fctzung und pers\u00f6nliche Betreuung","og_description":"Ben\u00f6tigen Sie Hilfe oder w\u00fcnschen Sie weitere Informationen? Wenden Sie sich an KEYTON in unserem Zentrum in Alicante, um einen au\u00dfergew\u00f6hnlichen Kundenservice zu erhalten.","og_url":"https:\/\/keyton.com\/de\/kundenbetreuung\/","og_site_name":"KEYTON","article_publisher":"https:\/\/www.facebook.com\/KeytonOfficial","article_modified_time":"2024-10-15T08:20:07+00:00","twitter_card":"summary_large_image","twitter_misc":{"Gesch\u00e4tzte Lesezeit":"1\u00a0Minute"},"schema":{"@context":"https:\/\/schema.org","@graph":[{"@type":"WebPage","@id":"https:\/\/keyton.com\/de\/kundenbetreuung\/","url":"https:\/\/keyton.com\/de\/kundenbetreuung\/","name":"Kontakt zu KEYTON - Unterst\u00fctzung und pers\u00f6nliche Betreuung","isPartOf":{"@id":"https:\/\/keyton.com\/de\/#website"},"datePublished":"2024-02-25T19:46:17+00:00","dateModified":"2024-10-15T08:20:07+00:00","description":"Ben\u00f6tigen Sie Hilfe oder w\u00fcnschen Sie weitere Informationen? Wenden Sie sich an KEYTON in unserem Zentrum in Alicante, um einen au\u00dfergew\u00f6hnlichen Kundenservice zu erhalten.","breadcrumb":{"@id":"https:\/\/keyton.com\/de\/kundenbetreuung\/#breadcrumb"},"inLanguage":"de","potentialAction":[{"@type":"ReadAction","target":["https:\/\/keyton.com\/de\/kundenbetreuung\/"]}]},{"@type":"BreadcrumbList","@id":"https:\/\/keyton.com\/de\/kundenbetreuung\/#breadcrumb","itemListElement":[{"@type":"ListItem","position":1,"name":"Portada","item":"https:\/\/keyton.com\/de\/"},{"@type":"ListItem","position":2,"name":"Kundenbetreuung"}]},{"@type":"WebSite","@id":"https:\/\/keyton.com\/de\/#website","url":"https:\/\/keyton.com\/de\/","name":"KEYTON","description":"Descubre c\u00f3mo el sill\u00f3n de masaje Keyton puede mejorar tu bienestar.","publisher":{"@id":"https:\/\/keyton.com\/de\/#organization"},"potentialAction":[{"@type":"SearchAction","target":{"@type":"EntryPoint","urlTemplate":"https:\/\/keyton.com\/de\/?s={search_term_string}"},"query-input":{"@type":"PropertyValueSpecification","valueRequired":true,"valueName":"search_term_string"}}],"inLanguage":"de"},{"@type":"Organization","@id":"https:\/\/keyton.com\/de\/#organization","name":"KEYTON","url":"https:\/\/keyton.com\/de\/","logo":{"@type":"ImageObject","inLanguage":"de","@id":"https:\/\/keyton.com\/de\/#\/schema\/logo\/image\/","url":"https:\/\/keyton.com\/wp-content\/uploads\/2024\/03\/LOGO-KEYTON.jpg","contentUrl":"https:\/\/keyton.com\/wp-content\/uploads\/2024\/03\/LOGO-KEYTON.jpg","width":500,"height":200,"caption":"KEYTON"},"image":{"@id":"https:\/\/keyton.com\/de\/#\/schema\/logo\/image\/"},"sameAs":["https:\/\/www.facebook.com\/KeytonOfficial","https:\/\/www.instagram.com\/keyton"]}]}},"_links":{"self":[{"href":"https:\/\/keyton.com\/de\/wp-json\/wp\/v2\/pages\/6317","targetHints":{"allow":["GET"]}}],"collection":[{"href":"https:\/\/keyton.com\/de\/wp-json\/wp\/v2\/pages"}],"about":[{"href":"https:\/\/keyton.com\/de\/wp-json\/wp\/v2\/types\/page"}],"author":[{"embeddable":true,"href":"https:\/\/keyton.com\/de\/wp-json\/wp\/v2\/users\/2"}],"replies":[{"embeddable":true,"href":"https:\/\/keyton.com\/de\/wp-json\/wp\/v2\/comments?post=6317"}],"version-history":[{"count":8,"href":"https:\/\/keyton.com\/de\/wp-json\/wp\/v2\/pages\/6317\/revisions"}],"predecessor-version":[{"id":12003,"href":"https:\/\/keyton.com\/de\/wp-json\/wp\/v2\/pages\/6317\/revisions\/12003"}],"wp:attachment":[{"href":"https:\/\/keyton.com\/de\/wp-json\/wp\/v2\/media?parent=6317"}],"curies":[{"name":"wp","href":"https:\/\/api.w.org\/{rel}","templated":true}]}}