{"id":6162,"date":"2024-02-21T13:01:29","date_gmt":"2024-02-21T13:01:29","guid":{"rendered":"https:\/\/keyton.com\/technische-unterstuetzung\/"},"modified":"2024-02-25T19:35:29","modified_gmt":"2024-02-25T19:35:29","slug":"technische-unterstuetzung","status":"publish","type":"page","link":"https:\/\/keyton.com\/de\/technische-unterstuetzung\/","title":{"rendered":"Technische Unterst\u00fctzung"},"content":{"rendered":"\t\t<div data-elementor-type=\"wp-page\" data-elementor-id=\"6162\" class=\"elementor elementor-6162 elementor-6128\" data-elementor-post-type=\"page\">\n\t\t\t\t<div class=\"elementor-element elementor-element-62ec6de e-con-full e-flex e-con e-parent\" data-id=\"62ec6de\" data-element_type=\"container\" data-e-type=\"container\" data-settings=\"{&quot;background_background&quot;:&quot;classic&quot;}\">\n\t\t<div class=\"elementor-element elementor-element-936cf1c e-flex e-con-boxed e-con e-child\" data-id=\"936cf1c\" data-element_type=\"container\" data-e-type=\"container\">\n\t\t\t\t\t<div class=\"e-con-inner\">\n\t\t\t\t<div class=\"elementor-element elementor-element-a4ef23c elementor-widget__width-inherit elementor-widget elementor-widget-heading\" data-id=\"a4ef23c\" data-element_type=\"widget\" data-e-type=\"widget\" data-widget_type=\"heading.default\">\n\t\t\t\t<div class=\"elementor-widget-container\">\n\t\t\t\t\t<h1 class=\"elementor-heading-title elementor-size-default\">Keyton-Unterst\u00fctzung<\/h1>\t\t\t\t<\/div>\n\t\t\t\t<\/div>\n\t\t\t\t<div class=\"elementor-element elementor-element-76be6b7 elementor-widget elementor-widget-heading\" data-id=\"76be6b7\" data-element_type=\"widget\" data-e-type=\"widget\" data-widget_type=\"heading.default\">\n\t\t\t\t<div class=\"elementor-widget-container\">\n\t\t\t\t\t<h2 class=\"elementor-heading-title elementor-size-default\">Holen Sie sich die Hilfe, die Sie brauchen. Nennen Sie uns alle Details und wir werden Ihnen die beste L\u00f6sung anbieten.<\/h2>\t\t\t\t<\/div>\n\t\t\t\t<\/div>\n\t\t\t\t\t<\/div>\n\t\t\t\t<\/div>\n\t\t\t\t<\/div>\n\t\t<div class=\"elementor-element elementor-element-f6c7bd0 e-grid e-con-boxed e-con e-parent\" data-id=\"f6c7bd0\" data-element_type=\"container\" data-e-type=\"container\" data-settings=\"{&quot;background_background&quot;:&quot;classic&quot;}\">\n\t\t\t\t\t<div class=\"e-con-inner\">\n\t\t<div class=\"elementor-element elementor-element-bb9af29 e-flex e-con-boxed e-con e-child\" data-id=\"bb9af29\" data-element_type=\"container\" data-e-type=\"container\">\n\t\t\t\t\t<div class=\"e-con-inner\">\n\t\t\t\t<div class=\"elementor-element elementor-element-dd955c8 elementor-widget elementor-widget-heading\" data-id=\"dd955c8\" data-element_type=\"widget\" data-e-type=\"widget\" data-widget_type=\"heading.default\">\n\t\t\t\t<div class=\"elementor-widget-container\">\n\t\t\t\t\t<h3 class=\"elementor-heading-title elementor-size-default\">Kontaktinformationen<\/h3>\t\t\t\t<\/div>\n\t\t\t\t<\/div>\n\t\t\t\t<div class=\"elementor-element elementor-element-5108d6e elementor-widget-divider--view-line elementor-widget elementor-widget-divider\" data-id=\"5108d6e\" data-element_type=\"widget\" data-e-type=\"widget\" data-widget_type=\"divider.default\">\n\t\t\t\t<div class=\"elementor-widget-container\">\n\t\t\t\t\t\t\t<div class=\"elementor-divider\">\n\t\t\t<span class=\"elementor-divider-separator\">\n\t\t\t\t\t\t<\/span>\n\t\t<\/div>\n\t\t\t\t\t\t<\/div>\n\t\t\t\t<\/div>\n\t\t\t\t<div class=\"elementor-element elementor-element-87faca3 elementor-widget__width-initial elementor-icon-list--layout-traditional elementor-list-item-link-full_width elementor-widget elementor-widget-icon-list\" data-id=\"87faca3\" data-element_type=\"widget\" data-e-type=\"widget\" data-widget_type=\"icon-list.default\">\n\t\t\t\t<div class=\"elementor-widget-container\">\n\t\t\t\t\t\t\t<ul class=\"elementor-icon-list-items\">\n\t\t\t\t\t\t\t<li class=\"elementor-icon-list-item\">\n\t\t\t\t\t\t\t\t\t\t\t<span class=\"elementor-icon-list-icon\">\n\t\t\t\t\t\t\t<svg aria-hidden=\"true\" class=\"e-font-icon-svg e-far-envelope\" viewBox=\"0 0 512 512\" xmlns=\"http:\/\/www.w3.org\/2000\/svg\"><path d=\"M464 64H48C21.49 64 0 85.49 0 112v288c0 26.51 21.49 48 48 48h416c26.51 0 48-21.49 48-48V112c0-26.51-21.49-48-48-48zm0 48v40.805c-22.422 18.259-58.168 46.651-134.587 106.49-16.841 13.247-50.201 45.072-73.413 44.701-23.208.375-56.579-31.459-73.413-44.701C106.18 199.465 70.425 171.067 48 152.805V112h416zM48 400V214.398c22.914 18.251 55.409 43.862 104.938 82.646 21.857 17.205 60.134 55.186 103.062 54.955 42.717.231 80.509-37.199 103.053-54.947 49.528-38.783 82.032-64.401 104.947-82.653V400H48z\"><\/path><\/svg>\t\t\t\t\t\t<\/span>\n\t\t\t\t\t\t\t\t\t\t<span class=\"elementor-icon-list-text\"><span style=\"font-weight: 800\">EMAIL<\/span><br><a href=\"mailto:contact@keyton.com\" target=\"_blank\" style=\"text-decoration: none !important;color: black !important\">contact@keyton.com<\/a><\/span>\n\t\t\t\t\t\t\t\t\t<\/li>\n\t\t\t\t\t\t\t\t<li class=\"elementor-icon-list-item\">\n\t\t\t\t\t\t\t\t\t\t\t<span class=\"elementor-icon-list-icon\">\n\t\t\t\t\t\t\t<svg aria-hidden=\"true\" class=\"e-font-icon-svg e-fab-whatsapp\" viewBox=\"0 0 448 512\" xmlns=\"http:\/\/www.w3.org\/2000\/svg\"><path d=\"M380.9 97.1C339 55.1 283.2 32 223.9 32c-122.4 0-222 99.6-222 222 0 39.1 10.2 77.3 29.6 111L0 480l117.7-30.9c32.4 17.7 68.9 27 106.1 27h.1c122.3 0 224.1-99.6 224.1-222 0-59.3-25.2-115-67.1-157zm-157 341.6c-33.2 0-65.7-8.9-94-25.7l-6.7-4-69.8 18.3L72 359.2l-4.4-7c-18.5-29.4-28.2-63.3-28.2-98.2 0-101.7 82.8-184.5 184.6-184.5 49.3 0 95.6 19.2 130.4 54.1 34.8 34.9 56.2 81.2 56.1 130.5 0 101.8-84.9 184.6-186.6 184.6zm101.2-138.2c-5.5-2.8-32.8-16.2-37.9-18-5.1-1.9-8.8-2.8-12.5 2.8-3.7 5.6-14.3 18-17.6 21.8-3.2 3.7-6.5 4.2-12 1.4-32.6-16.3-54-29.1-75.5-66-5.7-9.8 5.7-9.1 16.3-30.3 1.8-3.7.9-6.9-.5-9.7-1.4-2.8-12.5-30.1-17.1-41.2-4.5-10.8-9.1-9.3-12.5-9.5-3.2-.2-6.9-.2-10.6-.2-3.7 0-9.7 1.4-14.8 6.9-5.1 5.6-19.4 19-19.4 46.3 0 27.3 19.9 53.7 22.6 57.4 2.8 3.7 39.1 59.7 94.8 83.8 35.2 15.2 49 16.5 66.6 13.9 10.7-1.6 32.8-13.4 37.4-26.4 4.6-13 4.6-24.1 3.2-26.4-1.3-2.5-5-3.9-10.5-6.6z\"><\/path><\/svg>\t\t\t\t\t\t<\/span>\n\t\t\t\t\t\t\t\t\t\t<span class=\"elementor-icon-list-text\"><span style=\"font-weight: 800\">WHATSAPP<\/span><br><a href=\"https:\/\/wa.me\/691936658\" target=\"_blank\" style=\"text-decoration: none !important;color: black !important\">+34 692 936 658<\/a><\/span>\n\t\t\t\t\t\t\t\t\t<\/li>\n\t\t\t\t\t\t\t\t<li class=\"elementor-icon-list-item\">\n\t\t\t\t\t\t\t\t\t\t\t<span class=\"elementor-icon-list-icon\">\n\t\t\t\t\t\t\t<svg aria-hidden=\"true\" class=\"e-font-icon-svg e-fas-phone-alt\" viewBox=\"0 0 512 512\" xmlns=\"http:\/\/www.w3.org\/2000\/svg\"><path d=\"M497.39 361.8l-112-48a24 24 0 0 0-28 6.9l-49.6 60.6A370.66 370.66 0 0 1 130.6 204.11l60.6-49.6a23.94 23.94 0 0 0 6.9-28l-48-112A24.16 24.16 0 0 0 122.6.61l-104 24A24 24 0 0 0 0 48c0 256.5 207.9 464 464 464a24 24 0 0 0 23.4-18.6l24-104a24.29 24.29 0 0 0-14.01-27.6z\"><\/path><\/svg>\t\t\t\t\t\t<\/span>\n\t\t\t\t\t\t\t\t\t\t<span class=\"elementor-icon-list-text\"><span style=\"font-weight: 800\">TELEFON<\/span><br><a href=\"tel:+34965129149\" target=\"_blank\" style=\"text-decoration: none !important;color: black !important\">+34 965 129 149<\/a><\/span>\n\t\t\t\t\t\t\t\t\t<\/li>\n\t\t\t\t\t\t\t\t<li class=\"elementor-icon-list-item\">\n\t\t\t\t\t\t\t\t\t\t\t<span class=\"elementor-icon-list-icon\">\n\t\t\t\t\t\t\t<svg aria-hidden=\"true\" class=\"e-font-icon-svg e-fas-map-marker-alt\" viewBox=\"0 0 384 512\" xmlns=\"http:\/\/www.w3.org\/2000\/svg\"><path d=\"M172.268 501.67C26.97 291.031 0 269.413 0 192 0 85.961 85.961 0 192 0s192 85.961 192 192c0 77.413-26.97 99.031-172.268 309.67-9.535 13.774-29.93 13.773-39.464 0zM192 272c44.183 0 80-35.817 80-80s-35.817-80-80-80-80 35.817-80 80 35.817 80 80 80z\"><\/path><\/svg>\t\t\t\t\t\t<\/span>\n\t\t\t\t\t\t\t\t\t\t<span class=\"elementor-icon-list-text\"><span style=\"font-weight: 800\">KEYTON FACTORY<\/span><br><a href=\"https:\/\/maps.app.goo.gl\/RxhjXPQFMkaqNUwT6\" target=\"_blank\" style=\"text-decoration: none !important;color: black !important\">Pol\u00edgono Industrial Canastell C \/ Carpinter\u00eda N\u00ba17 San Vicente del Raspeig, 03690, Alicante, Spanien<\/a><\/span>\n\t\t\t\t\t\t\t\t\t<\/li>\n\t\t\t\t\t\t<\/ul>\n\t\t\t\t\t\t<\/div>\n\t\t\t\t<\/div>\n\t\t\t\t\t<\/div>\n\t\t\t\t<\/div>\n\t\t\t\t<div class=\"elementor-element elementor-element-271dae9 elementor-widget__width-inherit elementor-widget elementor-widget-shortcode\" data-id=\"271dae9\" data-element_type=\"widget\" data-e-type=\"widget\" data-widget_type=\"shortcode.default\">\n\t\t\t\t<div class=\"elementor-widget-container\">\n\t\t\t\t\t\t\t<div class=\"elementor-shortcode\"><div class=\"wpforms-container \" id=\"wpforms-6174\"><form id=\"wpforms-form-6174\" class=\"wpforms-validate wpforms-form wpforms-ajax-form\" data-formid=\"6174\" method=\"post\" enctype=\"multipart\/form-data\" action=\"\/de\/wp-json\/wp\/v2\/pages\/6162\" data-token=\"fb6f0fd50ce04916005ff1650f73b3df\" data-token-time=\"1776422483\"><noscript class=\"wpforms-error-noscript\">Bitte aktiviere JavaScript in deinem Browser, um dieses Formular fertigzustellen.<\/noscript><div class=\"wpforms-field-container\"><div id=\"wpforms-6174-field_0-container\" class=\"wpforms-field wpforms-field-name\" data-field-id=\"0\"><label class=\"wpforms-field-label\">Vollst\u00e4ndiger Name <span class=\"wpforms-required-label\">*<\/span><\/label><div class=\"wpforms-field-row wpforms-field-large\"><div class=\"wpforms-field-row-block wpforms-first wpforms-one-half\"><input type=\"text\" id=\"wpforms-6174-field_0\" class=\"wpforms-field-name-first wpforms-field-required\" name=\"wpforms[fields][0][first]\" required><label for=\"wpforms-6174-field_0\" class=\"wpforms-field-sublabel after\">Vorname<\/label><\/div><div class=\"wpforms-field-row-block wpforms-one-half\"><input type=\"text\" id=\"wpforms-6174-field_0-last\" class=\"wpforms-field-name-last wpforms-field-required\" name=\"wpforms[fields][0][last]\" required><label for=\"wpforms-6174-field_0-last\" class=\"wpforms-field-sublabel after\">Nachname<\/label><\/div><\/div><\/div><div id=\"wpforms-6174-field_1-container\" class=\"wpforms-field wpforms-field-email\" data-field-id=\"1\"><label class=\"wpforms-field-label\" for=\"wpforms-6174-field_1\">Email <span class=\"wpforms-required-label\">*<\/span><\/label><input type=\"email\" id=\"wpforms-6174-field_1\" class=\"wpforms-field-large wpforms-field-required\" name=\"wpforms[fields][1]\" placeholder=\" @\" spellcheck=\"false\" required><\/div><div id=\"wpforms-6174-field_3-container\" class=\"wpforms-field wpforms-field-text\" data-field-id=\"3\"><label class=\"wpforms-field-label\" for=\"wpforms-6174-field_3\">Telefon<\/label><input type=\"text\" id=\"wpforms-6174-field_3\" class=\"wpforms-field-large\" name=\"wpforms[fields][3]\" ><\/div><div id=\"wpforms-6174-field_8-container\" class=\"wpforms-field wpforms-field-text\" data-field-id=\"8\"><label class=\"wpforms-field-label\" for=\"wpforms-6174-field_8\">Adresse <span class=\"wpforms-required-label\">*<\/span><\/label><input type=\"text\" id=\"wpforms-6174-field_8\" class=\"wpforms-field-large wpforms-field-required\" name=\"wpforms[fields][8]\" required><\/div><div id=\"wpforms-6174-field_11-container\" class=\"wpforms-field wpforms-field-text\" data-field-id=\"11\"><label class=\"wpforms-field-label\" for=\"wpforms-6174-field_11\">Land <span class=\"wpforms-required-label\">*<\/span><\/label><input type=\"text\" id=\"wpforms-6174-field_11\" class=\"wpforms-field-large wpforms-field-required\" name=\"wpforms[fields][11]\" required><\/div><div id=\"wpforms-6174-field_17-container\" class=\"wpforms-field wpforms-field-text\" data-field-id=\"17\"><label class=\"wpforms-field-label\" for=\"wpforms-6174-field_17\">Stadt <span class=\"wpforms-required-label\">*<\/span><\/label><input type=\"text\" id=\"wpforms-6174-field_17\" class=\"wpforms-field-large wpforms-field-required\" name=\"wpforms[fields][17]\" required><\/div><div id=\"wpforms-6174-field_12-container\" class=\"wpforms-field wpforms-field-text\" data-field-id=\"12\"><label class=\"wpforms-field-label\" for=\"wpforms-6174-field_12\">Sesselmodell<\/label><input type=\"text\" id=\"wpforms-6174-field_12\" class=\"wpforms-field-large\" name=\"wpforms[fields][12]\" ><div class=\"wpforms-field-description\">Die Technik erkennt man am Controller<\/div><\/div><div id=\"wpforms-6174-field_15-container\" class=\"wpforms-field wpforms-field-text\" data-field-id=\"15\"><label class=\"wpforms-field-label\" for=\"wpforms-6174-field_15\">Kaufjahr<\/label><input type=\"text\" id=\"wpforms-6174-field_15\" class=\"wpforms-field-large\" name=\"wpforms[fields][15]\" ><\/div><div id=\"wpforms-6174-field_2-container\" class=\"wpforms-field wpforms-field-textarea\" data-field-id=\"2\"><label class=\"wpforms-field-label\" for=\"wpforms-6174-field_2\">Beschreibung des Vorfalls <span class=\"wpforms-required-label\">*<\/span><\/label><textarea id=\"wpforms-6174-field_2\" class=\"wpforms-field-medium wpforms-field-required\" name=\"wpforms[fields][2]\" required><\/textarea><\/div><div id=\"wpforms-6174-field_16-container\" class=\"wpforms-field wpforms-field-checkbox wpforms-list-inline\" data-field-id=\"16\"><label class=\"wpforms-field-label\">Gesch\u00e4ftsbedingungen <span class=\"wpforms-required-label\">*<\/span><\/label><ul id=\"wpforms-6174-field_16\" class=\"wpforms-field-required\"><li class=\"choice-1 depth-1\"><input type=\"checkbox\" id=\"wpforms-6174-field_16_1\" name=\"wpforms[fields][16][]\" value=\"Ich habe die &lt;a href=&quot;https:\/\/keyton.com\/de\/datenschutzbestimmungen\/&quot; target=&quot;_blank&quot;&gt;Datenschutzerkl\u00e4rung&lt;\/a&gt; gelesen und akzeptiere sie.\" required ><label class=\"wpforms-field-label-inline\" for=\"wpforms-6174-field_16_1\">Ich habe die <a href=\"https:\/\/keyton.com\/de\/datenschutzbestimmungen\/\" target=\"_blank\">Datenschutzerkl\u00e4rung<\/a> gelesen und akzeptiere sie.<\/label><\/li><\/ul><\/div><\/div><!-- .wpforms-field-container --><div class=\"wpforms-recaptcha-container wpforms-is-recaptcha wpforms-is-recaptcha-type-invisible\" ><div class=\"g-recaptcha\" data-sitekey=\"6LeXWSYsAAAAAINX_axdfIZBXj3-_J7HTe0auS20\" data-size=\"invisible\"><\/div><\/div><div class=\"wpforms-submit-container\" ><input type=\"hidden\" name=\"wpforms[id]\" value=\"6174\"><input type=\"hidden\" name=\"page_title\" value=\"\"><input type=\"hidden\" name=\"page_url\" value=\"https:\/\/keyton.com\/de\/wp-json\/wp\/v2\/pages\/6162\"><input type=\"hidden\" name=\"url_referer\" value=\"\"><button type=\"submit\" name=\"wpforms[submit]\" id=\"wpforms-submit-6174\" class=\"wpforms-submit\" data-alt-text=\"Senden...\" data-submit-text=\"Schicken\" aria-live=\"assertive\" value=\"wpforms-submit\">Schicken<\/button><img decoding=\"async\" src=\"https:\/\/keyton.com\/wp-content\/plugins\/wpforms-lite\/assets\/images\/submit-spin.svg\" class=\"wpforms-submit-spinner\" style=\"display: none;\" width=\"26\" height=\"26\" alt=\"Wird geladen\"><\/div><\/form><\/div>  <!-- .wpforms-container --><\/div>\n\t\t\t\t\t\t<\/div>\n\t\t\t\t<\/div>\n\t\t\t\t\t<\/div>\n\t\t\t\t<\/div>\n\t\t\t\t<\/div>\n\t\t","protected":false},"excerpt":{"rendered":"<p>Keyton-Unterst\u00fctzung Holen Sie sich die Hilfe, die Sie brauchen. Nennen Sie uns alle Details und wir werden Ihnen die beste L\u00f6sung anbieten. Kontaktinformationen EMAILcontact@keyton.com WHATSAPP+34 692 936 658 TELEFON+34 965 129 149 KEYTON FACTORYPol\u00edgono Industrial Canastell C \/ Carpinter\u00eda N\u00ba17 San Vicente del Raspeig, 03690, Alicante, Spanien<\/p>\n","protected":false},"author":2,"featured_media":0,"parent":0,"menu_order":0,"comment_status":"closed","ping_status":"closed","template":"","meta":{"site-sidebar-layout":"default","site-content-layout":"","ast-site-content-layout":"default","site-content-style":"default","site-sidebar-style":"default","ast-global-header-display":"","ast-banner-title-visibility":"","ast-main-header-display":"","ast-hfb-above-header-display":"","ast-hfb-below-header-display":"","ast-hfb-mobile-header-display":"","site-post-title":"","ast-breadcrumbs-content":"","ast-featured-img":"","footer-sml-layout":"","ast-disable-related-posts":"","theme-transparent-header-meta":"","adv-header-id-meta":"","stick-header-meta":"","header-above-stick-meta":"","header-main-stick-meta":"","header-below-stick-meta":"","astra-migrate-meta-layouts":"default","ast-page-background-enabled":"default","ast-page-background-meta":{"desktop":{"background-color":"var(--ast-global-color-4)","background-image":"","background-repeat":"repeat","background-position":"center center","background-size":"auto","background-attachment":"scroll","background-type":"","background-media":"","overlay-type":"","overlay-color":"","overlay-opacity":"","overlay-gradient":""},"tablet":{"background-color":"","background-image":"","background-repeat":"repeat","background-position":"center center","background-size":"auto","background-attachment":"scroll","background-type":"","background-media":"","overlay-type":"","overlay-color":"","overlay-opacity":"","overlay-gradient":""},"mobile":{"background-color":"","background-image":"","background-repeat":"repeat","background-position":"center center","background-size":"auto","background-attachment":"scroll","background-type":"","background-media":"","overlay-type":"","overlay-color":"","overlay-opacity":"","overlay-gradient":""}},"ast-content-background-meta":{"desktop":{"background-color":"var(--ast-global-color-5)","background-image":"","background-repeat":"repeat","background-position":"center center","background-size":"auto","background-attachment":"scroll","background-type":"","background-media":"","overlay-type":"","overlay-color":"","overlay-opacity":"","overlay-gradient":""},"tablet":{"background-color":"var(--ast-global-color-5)","background-image":"","background-repeat":"repeat","background-position":"center center","background-size":"auto","background-attachment":"scroll","background-type":"","background-media":"","overlay-type":"","overlay-color":"","overlay-opacity":"","overlay-gradient":""},"mobile":{"background-color":"var(--ast-global-color-5)","background-image":"","background-repeat":"repeat","background-position":"center center","background-size":"auto","background-attachment":"scroll","background-type":"","background-media":"","overlay-type":"","overlay-color":"","overlay-opacity":"","overlay-gradient":""}},"footnotes":""},"class_list":["post-6162","page","type-page","status-publish","hentry"],"yoast_head":"<!-- This site is optimized with the Yoast SEO plugin v27.1.1 - https:\/\/yoast.com\/product\/yoast-seo-wordpress\/ -->\n<title>Kontakt zu KEYTON - Unterst\u00fctzung und pers\u00f6nliche Betreuung<\/title>\n<meta name=\"description\" content=\"Ben\u00f6tigen Sie Hilfe oder w\u00fcnschen Sie weitere Informationen? Wenden Sie sich an KEYTON in unserem Zentrum in Alicante, um einen au\u00dfergew\u00f6hnlichen Kundenservice zu erhalten.\" \/>\n<meta name=\"robots\" content=\"index, follow, max-snippet:-1, max-image-preview:large, max-video-preview:-1\" \/>\n<link rel=\"canonical\" href=\"https:\/\/keyton.com\/de\/technische-unterstuetzung\/\" \/>\n<meta property=\"og:locale\" content=\"de_DE\" \/>\n<meta property=\"og:type\" content=\"article\" \/>\n<meta property=\"og:title\" content=\"Kontakt zu KEYTON - Unterst\u00fctzung und pers\u00f6nliche Betreuung\" \/>\n<meta property=\"og:description\" content=\"Ben\u00f6tigen Sie Hilfe oder w\u00fcnschen Sie weitere Informationen? Wenden Sie sich an KEYTON in unserem Zentrum in Alicante, um einen au\u00dfergew\u00f6hnlichen Kundenservice zu erhalten.\" \/>\n<meta property=\"og:url\" content=\"https:\/\/keyton.com\/de\/technische-unterstuetzung\/\" \/>\n<meta property=\"og:site_name\" content=\"KEYTON\" \/>\n<meta property=\"article:publisher\" content=\"https:\/\/www.facebook.com\/KeytonOfficial\" \/>\n<meta property=\"article:modified_time\" content=\"2024-02-25T19:35:29+00:00\" \/>\n<meta name=\"twitter:card\" content=\"summary_large_image\" \/>\n<meta name=\"twitter:label1\" content=\"Gesch\u00e4tzte Lesezeit\" \/>\n\t<meta name=\"twitter:data1\" content=\"1\u00a0Minute\" \/>\n<script type=\"application\/ld+json\" class=\"yoast-schema-graph\">{\"@context\":\"https:\/\/schema.org\",\"@graph\":[{\"@type\":\"WebPage\",\"@id\":\"https:\/\/keyton.com\/de\/technische-unterstuetzung\/\",\"url\":\"https:\/\/keyton.com\/de\/technische-unterstuetzung\/\",\"name\":\"Kontakt zu KEYTON - Unterst\u00fctzung und pers\u00f6nliche Betreuung\",\"isPartOf\":{\"@id\":\"https:\/\/keyton.com\/de\/#website\"},\"datePublished\":\"2024-02-21T13:01:29+00:00\",\"dateModified\":\"2024-02-25T19:35:29+00:00\",\"description\":\"Ben\u00f6tigen Sie Hilfe oder w\u00fcnschen Sie weitere Informationen? Wenden Sie sich an KEYTON in unserem Zentrum in Alicante, um einen au\u00dfergew\u00f6hnlichen Kundenservice zu erhalten.\",\"breadcrumb\":{\"@id\":\"https:\/\/keyton.com\/de\/technische-unterstuetzung\/#breadcrumb\"},\"inLanguage\":\"de\",\"potentialAction\":[{\"@type\":\"ReadAction\",\"target\":[\"https:\/\/keyton.com\/de\/technische-unterstuetzung\/\"]}]},{\"@type\":\"BreadcrumbList\",\"@id\":\"https:\/\/keyton.com\/de\/technische-unterstuetzung\/#breadcrumb\",\"itemListElement\":[{\"@type\":\"ListItem\",\"position\":1,\"name\":\"Portada\",\"item\":\"https:\/\/keyton.com\/de\/\"},{\"@type\":\"ListItem\",\"position\":2,\"name\":\"Technische Unterst\u00fctzung\"}]},{\"@type\":\"WebSite\",\"@id\":\"https:\/\/keyton.com\/de\/#website\",\"url\":\"https:\/\/keyton.com\/de\/\",\"name\":\"KEYTON\",\"description\":\"Descubre c\u00f3mo el sill\u00f3n de masaje Keyton puede mejorar tu bienestar.\",\"publisher\":{\"@id\":\"https:\/\/keyton.com\/de\/#organization\"},\"potentialAction\":[{\"@type\":\"SearchAction\",\"target\":{\"@type\":\"EntryPoint\",\"urlTemplate\":\"https:\/\/keyton.com\/de\/?s={search_term_string}\"},\"query-input\":{\"@type\":\"PropertyValueSpecification\",\"valueRequired\":true,\"valueName\":\"search_term_string\"}}],\"inLanguage\":\"de\"},{\"@type\":\"Organization\",\"@id\":\"https:\/\/keyton.com\/de\/#organization\",\"name\":\"KEYTON\",\"url\":\"https:\/\/keyton.com\/de\/\",\"logo\":{\"@type\":\"ImageObject\",\"inLanguage\":\"de\",\"@id\":\"https:\/\/keyton.com\/de\/#\/schema\/logo\/image\/\",\"url\":\"https:\/\/keyton.com\/wp-content\/uploads\/2024\/03\/LOGO-KEYTON.jpg\",\"contentUrl\":\"https:\/\/keyton.com\/wp-content\/uploads\/2024\/03\/LOGO-KEYTON.jpg\",\"width\":500,\"height\":200,\"caption\":\"KEYTON\"},\"image\":{\"@id\":\"https:\/\/keyton.com\/de\/#\/schema\/logo\/image\/\"},\"sameAs\":[\"https:\/\/www.facebook.com\/KeytonOfficial\",\"https:\/\/www.instagram.com\/keyton\"]}]}<\/script>\n<!-- \/ Yoast SEO plugin. -->","yoast_head_json":{"title":"Kontakt zu KEYTON - Unterst\u00fctzung und pers\u00f6nliche Betreuung","description":"Ben\u00f6tigen Sie Hilfe oder w\u00fcnschen Sie weitere Informationen? Wenden Sie sich an KEYTON in unserem Zentrum in Alicante, um einen au\u00dfergew\u00f6hnlichen Kundenservice zu erhalten.","robots":{"index":"index","follow":"follow","max-snippet":"max-snippet:-1","max-image-preview":"max-image-preview:large","max-video-preview":"max-video-preview:-1"},"canonical":"https:\/\/keyton.com\/de\/technische-unterstuetzung\/","og_locale":"de_DE","og_type":"article","og_title":"Kontakt zu KEYTON - Unterst\u00fctzung und pers\u00f6nliche Betreuung","og_description":"Ben\u00f6tigen Sie Hilfe oder w\u00fcnschen Sie weitere Informationen? Wenden Sie sich an KEYTON in unserem Zentrum in Alicante, um einen au\u00dfergew\u00f6hnlichen Kundenservice zu erhalten.","og_url":"https:\/\/keyton.com\/de\/technische-unterstuetzung\/","og_site_name":"KEYTON","article_publisher":"https:\/\/www.facebook.com\/KeytonOfficial","article_modified_time":"2024-02-25T19:35:29+00:00","twitter_card":"summary_large_image","twitter_misc":{"Gesch\u00e4tzte Lesezeit":"1\u00a0Minute"},"schema":{"@context":"https:\/\/schema.org","@graph":[{"@type":"WebPage","@id":"https:\/\/keyton.com\/de\/technische-unterstuetzung\/","url":"https:\/\/keyton.com\/de\/technische-unterstuetzung\/","name":"Kontakt zu KEYTON - Unterst\u00fctzung und pers\u00f6nliche Betreuung","isPartOf":{"@id":"https:\/\/keyton.com\/de\/#website"},"datePublished":"2024-02-21T13:01:29+00:00","dateModified":"2024-02-25T19:35:29+00:00","description":"Ben\u00f6tigen Sie Hilfe oder w\u00fcnschen Sie weitere Informationen? Wenden Sie sich an KEYTON in unserem Zentrum in Alicante, um einen au\u00dfergew\u00f6hnlichen Kundenservice zu erhalten.","breadcrumb":{"@id":"https:\/\/keyton.com\/de\/technische-unterstuetzung\/#breadcrumb"},"inLanguage":"de","potentialAction":[{"@type":"ReadAction","target":["https:\/\/keyton.com\/de\/technische-unterstuetzung\/"]}]},{"@type":"BreadcrumbList","@id":"https:\/\/keyton.com\/de\/technische-unterstuetzung\/#breadcrumb","itemListElement":[{"@type":"ListItem","position":1,"name":"Portada","item":"https:\/\/keyton.com\/de\/"},{"@type":"ListItem","position":2,"name":"Technische Unterst\u00fctzung"}]},{"@type":"WebSite","@id":"https:\/\/keyton.com\/de\/#website","url":"https:\/\/keyton.com\/de\/","name":"KEYTON","description":"Descubre c\u00f3mo el sill\u00f3n de masaje Keyton puede mejorar tu bienestar.","publisher":{"@id":"https:\/\/keyton.com\/de\/#organization"},"potentialAction":[{"@type":"SearchAction","target":{"@type":"EntryPoint","urlTemplate":"https:\/\/keyton.com\/de\/?s={search_term_string}"},"query-input":{"@type":"PropertyValueSpecification","valueRequired":true,"valueName":"search_term_string"}}],"inLanguage":"de"},{"@type":"Organization","@id":"https:\/\/keyton.com\/de\/#organization","name":"KEYTON","url":"https:\/\/keyton.com\/de\/","logo":{"@type":"ImageObject","inLanguage":"de","@id":"https:\/\/keyton.com\/de\/#\/schema\/logo\/image\/","url":"https:\/\/keyton.com\/wp-content\/uploads\/2024\/03\/LOGO-KEYTON.jpg","contentUrl":"https:\/\/keyton.com\/wp-content\/uploads\/2024\/03\/LOGO-KEYTON.jpg","width":500,"height":200,"caption":"KEYTON"},"image":{"@id":"https:\/\/keyton.com\/de\/#\/schema\/logo\/image\/"},"sameAs":["https:\/\/www.facebook.com\/KeytonOfficial","https:\/\/www.instagram.com\/keyton"]}]}},"_links":{"self":[{"href":"https:\/\/keyton.com\/de\/wp-json\/wp\/v2\/pages\/6162","targetHints":{"allow":["GET"]}}],"collection":[{"href":"https:\/\/keyton.com\/de\/wp-json\/wp\/v2\/pages"}],"about":[{"href":"https:\/\/keyton.com\/de\/wp-json\/wp\/v2\/types\/page"}],"author":[{"embeddable":true,"href":"https:\/\/keyton.com\/de\/wp-json\/wp\/v2\/users\/2"}],"replies":[{"embeddable":true,"href":"https:\/\/keyton.com\/de\/wp-json\/wp\/v2\/comments?post=6162"}],"version-history":[{"count":4,"href":"https:\/\/keyton.com\/de\/wp-json\/wp\/v2\/pages\/6162\/revisions"}],"predecessor-version":[{"id":6312,"href":"https:\/\/keyton.com\/de\/wp-json\/wp\/v2\/pages\/6162\/revisions\/6312"}],"wp:attachment":[{"href":"https:\/\/keyton.com\/de\/wp-json\/wp\/v2\/media?parent=6162"}],"curies":[{"name":"wp","href":"https:\/\/api.w.org\/{rel}","templated":true}]}}