{"id":5846,"date":"2024-02-20T12:00:11","date_gmt":"2024-02-20T12:00:11","guid":{"rendered":"https:\/\/keyton.com\/datenschutzbestimmungen\/"},"modified":"2024-02-20T12:25:22","modified_gmt":"2024-02-20T12:25:22","slug":"datenschutzbestimmungen","status":"publish","type":"page","link":"https:\/\/keyton.com\/de\/datenschutzbestimmungen\/","title":{"rendered":"Datenschutzbestimmungen"},"content":{"rendered":"\n<p>BENUTZERINFORMATIONEN<br\/>Wer ist f\u00fcr die Verarbeitung Ihrer personenbezogenen Daten verantwortlich?<br\/>KEYTON ist f\u00fcr die Verarbeitung der personenbezogenen Daten des BENUTZERS VERANTWORTLICH und informiert den BENUTZER dar\u00fcber, dass diese Daten in \u00dcbereinstimmung mit den Bestimmungen der Verordnung (EU) 2016\/679 vom 27. April (GDPR) und dem Organgesetz 3\/2018 vom 5. Dezember (LOPDGDD) verarbeitet werden.<\/p>\n\n<p>Wozu verarbeiten wir Ihre personenbezogenen Daten?<br\/>Aufrechterhaltung einer Gesch\u00e4ftsbeziehung mit dem Nutzer. F\u00fcr die Durchf\u00fchrung der Verarbeitung sind folgende Vorg\u00e4nge vorgesehen:<\/p>\n\n<p>Versenden von kommerziellen Werbemitteilungen per E-Mail, Fax, SMS, MMS, soziale Netzwerke oder andere gegenw\u00e4rtige oder zuk\u00fcnftige elektronische oder physische Mittel, die kommerzielle Mitteilungen erm\u00f6glichen. Diese Mitteilungen werden vom VERANTWORTLICHEN gemacht und beziehen sich auf seine Produkte und Dienstleistungen oder auf die seiner Mitarbeiter oder Lieferanten, mit denen er eine Werbevereinbarung getroffen hat. In diesem Fall haben Dritte niemals Zugang zu personenbezogenen Daten.<br\/>Durchf\u00fchrung von Marktforschung und statistischen Analysen.<br\/>Bearbeitung von Bestellungen, Anfragen, Beantwortung von R\u00fcckfragen oder Anfragen jeglicher Art, die vom BENUTZER \u00fcber die auf der Website des VERANTWORTLICHEN zur Verf\u00fcgung gestellten Kontaktformulare gestellt werden.<br\/>F\u00fcr den Versand des Online-Newsletters \u00fcber Neuigkeiten, Angebote und Aktionen in unserer T\u00e4tigkeit.<br\/>Warum d\u00fcrfen wir Ihre personenbezogenen Daten verarbeiten?<br\/>Weil die Verarbeitung durch Artikel 6 der Datenschutz-Grundverordnung wie folgt legitimiert ist:<\/p>\n\n<p>Mit der Zustimmung des BENUTZERS: Zusendung von kommerziellen Mitteilungen und des Newsletters.<br\/>Im berechtigten Interesse des VERANTWORTLICHEN: zur Durchf\u00fchrung von Marktforschungen, statistischen Analysen usw. und zur Bearbeitung von Bestellungen, Anfragen usw. auf Wunsch des BENUTZERS.<br\/>Wie lange werden wir Ihre personenbezogenen Daten aufbewahren?<br\/>Sie werden nur so lange aufbewahrt, wie es f\u00fcr die Aufrechterhaltung des Zwecks der Verarbeitung erforderlich ist oder wie es gesetzliche Vorschriften f\u00fcr ihre Aufbewahrung vorschreiben, und wenn sie f\u00fcr diesen Zweck nicht mehr erforderlich sind, werden sie mit geeigneten Sicherheitsma\u00dfnahmen gel\u00f6scht, um die Anonymisierung der Daten oder ihre vollst\u00e4ndige Vernichtung zu gew\u00e4hrleisten.<\/p>\n\n<p>An wen geben wir Ihre personenbezogenen Daten weiter?<br\/>Eine Weitergabe personenbezogener Daten an Dritte ist nicht vorgesehen, es sei denn, dies ist f\u00fcr die Entwicklung und Ausf\u00fchrung der Zwecke der Verarbeitung erforderlich, und zwar an unsere Dienstleister im Zusammenhang mit der Kommunikation, mit denen der VERANTWORTLICHE die von den geltenden Datenschutzvorschriften vorgeschriebenen Vertraulichkeits- und Datenverarbeitungsvertr\u00e4ge unterzeichnet hat.<\/p>\n\n<p>Welche Rechte haben Sie?<br\/>Die Rechte des BENUTZERS sind:<\/p>\n\n<p>Recht auf jederzeitigen Widerruf der Einwilligung.<br\/>Das Recht auf Zugang, Berichtigung, \u00dcbertragbarkeit und L\u00f6schung Ihrer Daten sowie das Recht, die Verarbeitung einzuschr\u00e4nken oder abzulehnen.<br\/>Das Recht, eine Beschwerde bei der Aufsichtsbeh\u00f6rde (www.aepd.es) einzureichen, wenn Sie der Meinung sind, dass die Verarbeitung nicht mit den geltenden Vorschriften \u00fcbereinstimmt.<br\/>Kontaktdaten f\u00fcr die Wahrnehmung Ihrer Rechte:<br\/>KEYTON. Carrer Fusteria, 17, 03690 Sant Vicent del Raspeig, Alicante. E-Mail: contact@keyton.com<\/p>\n\n<ol class=\"wp-block-list\" start=\"2\">\n<li>OBLIGATORISCHER ODER FAKULTATIVER CHARAKTER DER VOM NUTZER BEREITGESTELLTEN INFORMATIONEN<br\/>Mit dem Ankreuzen der entsprechenden K\u00e4stchen und der Eingabe von Daten in die mit einem Sternchen (*) gekennzeichneten Felder des Kontaktformulars oder der Download-Formulare akzeptieren die BENUTZER ausdr\u00fccklich und frei und unmissverst\u00e4ndlich, dass ihre Daten f\u00fcr die Bearbeitung ihrer Anfrage durch den Anbieter erforderlich sind, wobei die Angabe von Daten in den \u00fcbrigen Feldern freiwillig ist. Der BENUTZER garantiert, dass die der VERANTWORTLICHEN PARTEI zur Verf\u00fcgung gestellten personenbezogenen Daten der Wahrheit entsprechen, und ist daf\u00fcr verantwortlich, etwaige \u00c4nderungen dieser Daten mitzuteilen.<\/li>\n<\/ol>\n\n<p>Der VERANTWORTLICHE teilt mit, dass alle \u00fcber die Website angeforderten Daten obligatorisch sind, da sie f\u00fcr die Bereitstellung eines optimalen Dienstes f\u00fcr den BENUTZER erforderlich sind. Wenn nicht alle Daten angegeben werden, kann nicht garantiert werden, dass die angebotenen Informationen und Dienstleistungen vollst\u00e4ndig auf Ihre Bed\u00fcrfnisse zugeschnitten sind.<\/p>\n\n<ol class=\"wp-block-list\" start=\"3\">\n<li>SICHERHEITSMASSNAHMEN<br\/>dass der VERANTWORTLICHE in \u00dcbereinstimmung mit den geltenden Vorschriften zum Schutz personenbezogener Daten alle Bestimmungen der DSGVO und der LOPDGDD f\u00fcr die Verarbeitung personenbezogener Daten unter seiner Verantwortung einh\u00e4lt und die in Artikel 5 der DSGVO beschriebenen Grunds\u00e4tze offenkundig einh\u00e4lt, wonach die Daten rechtm\u00e4\u00dfig, nach Treu und Glauben und in transparenter Weise gegen\u00fcber der betroffenen Person verarbeitet werden und den Zwecken, f\u00fcr die sie verarbeitet werden, entsprechen, daf\u00fcr erheblich sind und auf das Notwendige beschr\u00e4nkt sind.<\/li>\n<\/ol>\n\n<p>Der VERANTWORTLICHE garantiert, dass er geeignete technische und organisatorische Ma\u00dfnahmen ergriffen hat, um die von der DSGVO und der LOPDGDD festgelegten Sicherheitsma\u00dfnahmen anzuwenden, um die Rechte und Freiheiten der BENUTZER zu sch\u00fctzen, und dass er ihnen die entsprechenden Informationen mitgeteilt hat, damit sie diese wahrnehmen k\u00f6nnen.<\/p>\n\n<p>F\u00fcr weitere Informationen \u00fcber den Schutz der Privatsph\u00e4re k\u00f6nnen Sie sich \u00fcber KEYTON an die VERANTWORTLICHE PARTEI wenden. Carrer Fusteria, 17, 03690 Sant Vicent del Raspeig, Alicante. E-Mail: contact@keyton.com<\/p>\n","protected":false},"excerpt":{"rendered":"<p>BENUTZERINFORMATIONENWer ist f\u00fcr die Verarbeitung Ihrer personenbezogenen Daten verantwortlich?KEYTON ist f\u00fcr die Verarbeitung der personenbezogenen Daten des BENUTZERS VERANTWORTLICH und informiert den BENUTZER dar\u00fcber, dass diese Daten in \u00dcbereinstimmung mit den Bestimmungen der Verordnung (EU) 2016\/679 vom 27. April (GDPR) und dem Organgesetz 3\/2018 vom 5. Dezember (LOPDGDD) verarbeitet werden. Wozu verarbeiten wir Ihre personenbezogenen [&hellip;]<\/p>\n","protected":false},"author":2,"featured_media":0,"parent":0,"menu_order":0,"comment_status":"closed","ping_status":"closed","template":"","meta":{"site-sidebar-layout":"default","site-content-layout":"","ast-site-content-layout":"default","site-content-style":"default","site-sidebar-style":"default","ast-global-header-display":"","ast-banner-title-visibility":"","ast-main-header-display":"","ast-hfb-above-header-display":"","ast-hfb-below-header-display":"","ast-hfb-mobile-header-display":"","site-post-title":"","ast-breadcrumbs-content":"","ast-featured-img":"","footer-sml-layout":"","ast-disable-related-posts":"","theme-transparent-header-meta":"","adv-header-id-meta":"","stick-header-meta":"","header-above-stick-meta":"","header-main-stick-meta":"","header-below-stick-meta":"","astra-migrate-meta-layouts":"default","ast-page-background-enabled":"default","ast-page-background-meta":{"desktop":{"background-color":"var(--ast-global-color-4)","background-image":"","background-repeat":"repeat","background-position":"center center","background-size":"auto","background-attachment":"scroll","background-type":"","background-media":"","overlay-type":"","overlay-color":"","overlay-opacity":"","overlay-gradient":""},"tablet":{"background-color":"","background-image":"","background-repeat":"repeat","background-position":"center center","background-size":"auto","background-attachment":"scroll","background-type":"","background-media":"","overlay-type":"","overlay-color":"","overlay-opacity":"","overlay-gradient":""},"mobile":{"background-color":"","background-image":"","background-repeat":"repeat","background-position":"center center","background-size":"auto","background-attachment":"scroll","background-type":"","background-media":"","overlay-type":"","overlay-color":"","overlay-opacity":"","overlay-gradient":""}},"ast-content-background-meta":{"desktop":{"background-color":"var(--ast-global-color-5)","background-image":"","background-repeat":"repeat","background-position":"center center","background-size":"auto","background-attachment":"scroll","background-type":"","background-media":"","overlay-type":"","overlay-color":"","overlay-opacity":"","overlay-gradient":""},"tablet":{"background-color":"var(--ast-global-color-5)","background-image":"","background-repeat":"repeat","background-position":"center center","background-size":"auto","background-attachment":"scroll","background-type":"","background-media":"","overlay-type":"","overlay-color":"","overlay-opacity":"","overlay-gradient":""},"mobile":{"background-color":"var(--ast-global-color-5)","background-image":"","background-repeat":"repeat","background-position":"center center","background-size":"auto","background-attachment":"scroll","background-type":"","background-media":"","overlay-type":"","overlay-color":"","overlay-opacity":"","overlay-gradient":""}},"footnotes":""},"class_list":["post-5846","page","type-page","status-publish","hentry"],"yoast_head":"<!-- This site is optimized with the Yoast SEO plugin v27.1.1 - https:\/\/yoast.com\/product\/yoast-seo-wordpress\/ -->\n<title>Datenschutzbestimmungen - KEYTON<\/title>\n<meta name=\"robots\" content=\"index, follow, max-snippet:-1, max-image-preview:large, max-video-preview:-1\" \/>\n<link rel=\"canonical\" href=\"https:\/\/keyton.com\/de\/datenschutzbestimmungen\/\" \/>\n<meta property=\"og:locale\" content=\"de_DE\" \/>\n<meta property=\"og:type\" content=\"article\" \/>\n<meta property=\"og:title\" content=\"Datenschutzbestimmungen - KEYTON\" \/>\n<meta property=\"og:description\" content=\"BENUTZERINFORMATIONENWer ist f\u00fcr die Verarbeitung Ihrer personenbezogenen Daten verantwortlich?KEYTON ist f\u00fcr die Verarbeitung der personenbezogenen Daten des BENUTZERS VERANTWORTLICH und informiert den BENUTZER dar\u00fcber, dass diese Daten in \u00dcbereinstimmung mit den Bestimmungen der Verordnung (EU) 2016\/679 vom 27. April (GDPR) und dem Organgesetz 3\/2018 vom 5. Dezember (LOPDGDD) verarbeitet werden. Wozu verarbeiten wir Ihre personenbezogenen [&hellip;]\" \/>\n<meta property=\"og:url\" content=\"https:\/\/keyton.com\/de\/datenschutzbestimmungen\/\" \/>\n<meta property=\"og:site_name\" content=\"KEYTON\" \/>\n<meta property=\"article:publisher\" content=\"https:\/\/www.facebook.com\/KeytonOfficial\" \/>\n<meta property=\"article:modified_time\" content=\"2024-02-20T12:25:22+00:00\" \/>\n<meta name=\"twitter:card\" content=\"summary_large_image\" \/>\n<meta name=\"twitter:label1\" content=\"Gesch\u00e4tzte Lesezeit\" \/>\n\t<meta name=\"twitter:data1\" content=\"4\u00a0Minuten\" \/>\n<script type=\"application\/ld+json\" class=\"yoast-schema-graph\">{\"@context\":\"https:\/\/schema.org\",\"@graph\":[{\"@type\":\"WebPage\",\"@id\":\"https:\/\/keyton.com\/de\/datenschutzbestimmungen\/\",\"url\":\"https:\/\/keyton.com\/de\/datenschutzbestimmungen\/\",\"name\":\"Datenschutzbestimmungen - KEYTON\",\"isPartOf\":{\"@id\":\"https:\/\/keyton.com\/de\/#website\"},\"datePublished\":\"2024-02-20T12:00:11+00:00\",\"dateModified\":\"2024-02-20T12:25:22+00:00\",\"breadcrumb\":{\"@id\":\"https:\/\/keyton.com\/de\/datenschutzbestimmungen\/#breadcrumb\"},\"inLanguage\":\"de\",\"potentialAction\":[{\"@type\":\"ReadAction\",\"target\":[\"https:\/\/keyton.com\/de\/datenschutzbestimmungen\/\"]}]},{\"@type\":\"BreadcrumbList\",\"@id\":\"https:\/\/keyton.com\/de\/datenschutzbestimmungen\/#breadcrumb\",\"itemListElement\":[{\"@type\":\"ListItem\",\"position\":1,\"name\":\"Portada\",\"item\":\"https:\/\/keyton.com\/de\/\"},{\"@type\":\"ListItem\",\"position\":2,\"name\":\"Datenschutzbestimmungen\"}]},{\"@type\":\"WebSite\",\"@id\":\"https:\/\/keyton.com\/de\/#website\",\"url\":\"https:\/\/keyton.com\/de\/\",\"name\":\"KEYTON\",\"description\":\"Descubre c\u00f3mo el sill\u00f3n de masaje Keyton puede mejorar tu bienestar.\",\"publisher\":{\"@id\":\"https:\/\/keyton.com\/de\/#organization\"},\"potentialAction\":[{\"@type\":\"SearchAction\",\"target\":{\"@type\":\"EntryPoint\",\"urlTemplate\":\"https:\/\/keyton.com\/de\/?s={search_term_string}\"},\"query-input\":{\"@type\":\"PropertyValueSpecification\",\"valueRequired\":true,\"valueName\":\"search_term_string\"}}],\"inLanguage\":\"de\"},{\"@type\":\"Organization\",\"@id\":\"https:\/\/keyton.com\/de\/#organization\",\"name\":\"KEYTON\",\"url\":\"https:\/\/keyton.com\/de\/\",\"logo\":{\"@type\":\"ImageObject\",\"inLanguage\":\"de\",\"@id\":\"https:\/\/keyton.com\/de\/#\/schema\/logo\/image\/\",\"url\":\"https:\/\/keyton.com\/wp-content\/uploads\/2024\/03\/LOGO-KEYTON.jpg\",\"contentUrl\":\"https:\/\/keyton.com\/wp-content\/uploads\/2024\/03\/LOGO-KEYTON.jpg\",\"width\":500,\"height\":200,\"caption\":\"KEYTON\"},\"image\":{\"@id\":\"https:\/\/keyton.com\/de\/#\/schema\/logo\/image\/\"},\"sameAs\":[\"https:\/\/www.facebook.com\/KeytonOfficial\",\"https:\/\/www.instagram.com\/keyton\"]}]}<\/script>\n<!-- \/ Yoast SEO plugin. -->","yoast_head_json":{"title":"Datenschutzbestimmungen - KEYTON","robots":{"index":"index","follow":"follow","max-snippet":"max-snippet:-1","max-image-preview":"max-image-preview:large","max-video-preview":"max-video-preview:-1"},"canonical":"https:\/\/keyton.com\/de\/datenschutzbestimmungen\/","og_locale":"de_DE","og_type":"article","og_title":"Datenschutzbestimmungen - KEYTON","og_description":"BENUTZERINFORMATIONENWer ist f\u00fcr die Verarbeitung Ihrer personenbezogenen Daten verantwortlich?KEYTON ist f\u00fcr die Verarbeitung der personenbezogenen Daten des BENUTZERS VERANTWORTLICH und informiert den BENUTZER dar\u00fcber, dass diese Daten in \u00dcbereinstimmung mit den Bestimmungen der Verordnung (EU) 2016\/679 vom 27. April (GDPR) und dem Organgesetz 3\/2018 vom 5. Dezember (LOPDGDD) verarbeitet werden. Wozu verarbeiten wir Ihre personenbezogenen [&hellip;]","og_url":"https:\/\/keyton.com\/de\/datenschutzbestimmungen\/","og_site_name":"KEYTON","article_publisher":"https:\/\/www.facebook.com\/KeytonOfficial","article_modified_time":"2024-02-20T12:25:22+00:00","twitter_card":"summary_large_image","twitter_misc":{"Gesch\u00e4tzte Lesezeit":"4\u00a0Minuten"},"schema":{"@context":"https:\/\/schema.org","@graph":[{"@type":"WebPage","@id":"https:\/\/keyton.com\/de\/datenschutzbestimmungen\/","url":"https:\/\/keyton.com\/de\/datenschutzbestimmungen\/","name":"Datenschutzbestimmungen - KEYTON","isPartOf":{"@id":"https:\/\/keyton.com\/de\/#website"},"datePublished":"2024-02-20T12:00:11+00:00","dateModified":"2024-02-20T12:25:22+00:00","breadcrumb":{"@id":"https:\/\/keyton.com\/de\/datenschutzbestimmungen\/#breadcrumb"},"inLanguage":"de","potentialAction":[{"@type":"ReadAction","target":["https:\/\/keyton.com\/de\/datenschutzbestimmungen\/"]}]},{"@type":"BreadcrumbList","@id":"https:\/\/keyton.com\/de\/datenschutzbestimmungen\/#breadcrumb","itemListElement":[{"@type":"ListItem","position":1,"name":"Portada","item":"https:\/\/keyton.com\/de\/"},{"@type":"ListItem","position":2,"name":"Datenschutzbestimmungen"}]},{"@type":"WebSite","@id":"https:\/\/keyton.com\/de\/#website","url":"https:\/\/keyton.com\/de\/","name":"KEYTON","description":"Descubre c\u00f3mo el sill\u00f3n de masaje Keyton puede mejorar tu bienestar.","publisher":{"@id":"https:\/\/keyton.com\/de\/#organization"},"potentialAction":[{"@type":"SearchAction","target":{"@type":"EntryPoint","urlTemplate":"https:\/\/keyton.com\/de\/?s={search_term_string}"},"query-input":{"@type":"PropertyValueSpecification","valueRequired":true,"valueName":"search_term_string"}}],"inLanguage":"de"},{"@type":"Organization","@id":"https:\/\/keyton.com\/de\/#organization","name":"KEYTON","url":"https:\/\/keyton.com\/de\/","logo":{"@type":"ImageObject","inLanguage":"de","@id":"https:\/\/keyton.com\/de\/#\/schema\/logo\/image\/","url":"https:\/\/keyton.com\/wp-content\/uploads\/2024\/03\/LOGO-KEYTON.jpg","contentUrl":"https:\/\/keyton.com\/wp-content\/uploads\/2024\/03\/LOGO-KEYTON.jpg","width":500,"height":200,"caption":"KEYTON"},"image":{"@id":"https:\/\/keyton.com\/de\/#\/schema\/logo\/image\/"},"sameAs":["https:\/\/www.facebook.com\/KeytonOfficial","https:\/\/www.instagram.com\/keyton"]}]}},"_links":{"self":[{"href":"https:\/\/keyton.com\/de\/wp-json\/wp\/v2\/pages\/5846","targetHints":{"allow":["GET"]}}],"collection":[{"href":"https:\/\/keyton.com\/de\/wp-json\/wp\/v2\/pages"}],"about":[{"href":"https:\/\/keyton.com\/de\/wp-json\/wp\/v2\/types\/page"}],"author":[{"embeddable":true,"href":"https:\/\/keyton.com\/de\/wp-json\/wp\/v2\/users\/2"}],"replies":[{"embeddable":true,"href":"https:\/\/keyton.com\/de\/wp-json\/wp\/v2\/comments?post=5846"}],"version-history":[{"count":1,"href":"https:\/\/keyton.com\/de\/wp-json\/wp\/v2\/pages\/5846\/revisions"}],"predecessor-version":[{"id":5847,"href":"https:\/\/keyton.com\/de\/wp-json\/wp\/v2\/pages\/5846\/revisions\/5847"}],"wp:attachment":[{"href":"https:\/\/keyton.com\/de\/wp-json\/wp\/v2\/media?parent=5846"}],"curies":[{"name":"wp","href":"https:\/\/api.w.org\/{rel}","templated":true}]}}