{"id":2942,"date":"2023-06-07T10:00:13","date_gmt":"2023-06-07T10:00:13","guid":{"rendered":"https:\/\/demo.keyton.com\/business\/"},"modified":"2024-10-15T08:26:18","modified_gmt":"2024-10-15T08:26:18","slug":"home-theatre","status":"publish","type":"page","link":"https:\/\/keyton.com\/de\/home-theatre\/","title":{"rendered":"Home Theatre"},"content":{"rendered":"\t\t<div data-elementor-type=\"wp-page\" data-elementor-id=\"2942\" class=\"elementor elementor-2942 elementor-328\" data-elementor-post-type=\"page\">\n\t\t\t\t<div class=\"elementor-element elementor-element-62ec6de e-con-full e-flex e-con e-parent\" data-id=\"62ec6de\" data-element_type=\"container\" data-e-type=\"container\" data-settings=\"{&quot;background_background&quot;:&quot;classic&quot;}\">\n\t\t<div class=\"elementor-element elementor-element-936cf1c e-flex e-con-boxed e-con e-child\" data-id=\"936cf1c\" data-element_type=\"container\" data-e-type=\"container\">\n\t\t\t\t\t<div class=\"e-con-inner\">\n\t\t\t\t<div class=\"elementor-element elementor-element-a4ef23c elementor-widget elementor-widget-heading\" data-id=\"a4ef23c\" data-element_type=\"widget\" data-e-type=\"widget\" data-widget_type=\"heading.default\">\n\t\t\t\t<div class=\"elementor-widget-container\">\n\t\t\t\t\t<h1 class=\"elementor-heading-title elementor-size-default\">  Heimkino Sitze<\/h1>\t\t\t\t<\/div>\n\t\t\t\t<\/div>\n\t\t\t\t\t<\/div>\n\t\t\t\t<\/div>\n\t\t\t\t<\/div>\n\t\t<div class=\"elementor-element elementor-element-a7512f3 e-flex e-con-boxed e-con e-parent\" data-id=\"a7512f3\" data-element_type=\"container\" data-e-type=\"container\">\n\t\t\t\t\t<div class=\"e-con-inner\">\n\t\t\t\t<div class=\"elementor-element elementor-element-7ac6989 elementor-widget elementor-widget-heading\" data-id=\"7ac6989\" data-element_type=\"widget\" data-e-type=\"widget\" data-widget_type=\"heading.default\">\n\t\t\t\t<div class=\"elementor-widget-container\">\n\t\t\t\t\t<h2 class=\"elementor-heading-title elementor-size-default\">Komfort und Gesundheit f\u00fcr den R\u00fccken<\/h2>\t\t\t\t<\/div>\n\t\t\t\t<\/div>\n\t\t\t\t<div class=\"elementor-element elementor-element-42c85dc elementor-widget elementor-widget-text-editor\" data-id=\"42c85dc\" data-element_type=\"widget\" data-e-type=\"widget\" data-widget_type=\"text-editor.default\">\n\t\t\t\t<div class=\"elementor-widget-container\">\n\t\t\t\t\t\t\t\t\t<p>Wir wissen, dass Komfort das A und O ist, um Ihre Freizeit genie\u00dfen zu k\u00f6nnen.<br \/>\nDeshalb sind unsere Heimkinositze ergonomisch geformt und bieten optimale passive Unterst\u00fctzung f\u00fcr Ihren R\u00fccken.<br \/>\nGenie\u00dfen Sie Ihre Lieblingsfilme in maximalem Komfort, ohne dass Ihre K\u00f6rperhaltung darunter leidet.  <\/p>\n\t\t\t\t\t\t\t\t<\/div>\n\t\t\t\t<\/div>\n\t\t\t\t<div class=\"elementor-element elementor-element-9748314 elementor-widget elementor-widget-text-editor\" data-id=\"9748314\" data-element_type=\"widget\" data-e-type=\"widget\" data-widget_type=\"text-editor.default\">\n\t\t\t\t<div class=\"elementor-widget-container\">\n\t\t\t\t\t\t\t\t\t<p style=\"text-align: left;\">Keyton entwirft und fertigt hochwertige Heimkinositze f\u00fcr Architekten, Designer und private Heimkino-Installateure.<\/p>\n<p>Als Hersteller zeichnen wir uns dadurch aus, dass wir automatische Liegesysteme anbieten, die den Komfort erh\u00f6hen.<br \/>\nAnpassungsm\u00f6glichkeiten wie Massagesysteme, USB-Dockingstationen, eine Vielzahl von Lederarten, Stoffen und Farben, die sich an unterschiedliche Umgebungen anpassen, tragen zu einer exklusiven und individuellen \u00c4sthetik bei. <\/p>\n<p class=\"p1\" style=\"text-align: left;\"><span class=\"s1\">  Setzen Sie sich mit uns in Verbindung und erfahren Sie, wie Sie mit Keyton das Niveau Ihrer Projekte erh\u00f6hen k\u00f6nnen!<\/span><\/p>\n\t\t\t\t\t\t\t\t<\/div>\n\t\t\t\t<\/div>\n\t\t\t\t\t<\/div>\n\t\t\t\t<\/div>\n\t\t<div class=\"elementor-element elementor-element-3ebb89a e-flex e-con-boxed e-con e-parent\" data-id=\"3ebb89a\" data-element_type=\"container\" data-e-type=\"container\">\n\t\t\t\t\t<div class=\"e-con-inner\">\n\t\t\t\t<div class=\"elementor-element elementor-element-accbc67 elementor-widget elementor-widget-heading\" data-id=\"accbc67\" data-element_type=\"widget\" data-e-type=\"widget\" data-widget_type=\"heading.default\">\n\t\t\t\t<div class=\"elementor-widget-container\">\n\t\t\t\t\t<h2 class=\"elementor-heading-title elementor-size-default\">Projektgalerie<\/h2>\t\t\t\t<\/div>\n\t\t\t\t<\/div>\n\t\t<div class=\"elementor-element elementor-element-ddfc8d9 e-flex e-con-boxed e-con e-child\" data-id=\"ddfc8d9\" data-element_type=\"container\" data-e-type=\"container\">\n\t\t\t\t\t<div class=\"e-con-inner\">\n\t\t\t\t<div class=\"elementor-element elementor-element-5593ed6 elementor-widget elementor-widget-gallery\" data-id=\"5593ed6\" data-element_type=\"widget\" data-e-type=\"widget\" data-settings=\"{&quot;gallery_layout&quot;:&quot;justified&quot;,&quot;lazyload&quot;:&quot;yes&quot;,&quot;ideal_row_height&quot;:{&quot;unit&quot;:&quot;px&quot;,&quot;size&quot;:200,&quot;sizes&quot;:[]},&quot;ideal_row_height_tablet&quot;:{&quot;unit&quot;:&quot;px&quot;,&quot;size&quot;:150,&quot;sizes&quot;:[]},&quot;ideal_row_height_mobile&quot;:{&quot;unit&quot;:&quot;px&quot;,&quot;size&quot;:150,&quot;sizes&quot;:[]},&quot;gap&quot;:{&quot;unit&quot;:&quot;px&quot;,&quot;size&quot;:10,&quot;sizes&quot;:[]},&quot;gap_tablet&quot;:{&quot;unit&quot;:&quot;px&quot;,&quot;size&quot;:10,&quot;sizes&quot;:[]},&quot;gap_mobile&quot;:{&quot;unit&quot;:&quot;px&quot;,&quot;size&quot;:10,&quot;sizes&quot;:[]},&quot;link_to&quot;:&quot;file&quot;,&quot;overlay_background&quot;:&quot;yes&quot;,&quot;content_hover_animation&quot;:&quot;fade-in&quot;}\" data-widget_type=\"gallery.default\">\n\t\t\t\t<div class=\"elementor-widget-container\">\n\t\t\t\t\t\t\t<div class=\"elementor-gallery__container\">\n\t\t\t\t\t\t\t<a class=\"e-gallery-item elementor-gallery-item elementor-animated-content\" href=\"https:\/\/keyton.com\/wp-content\/uploads\/2023\/07\/Keyton-2seats2.jpeg\" data-elementor-open-lightbox=\"yes\" data-elementor-lightbox-slideshow=\"5593ed6\" data-elementor-lightbox-title=\"Keyton 2seats2\" data-e-action-hash=\"#elementor-action%3Aaction%3Dlightbox%26settings%3DeyJpZCI6MTU5NiwidXJsIjoiaHR0cHM6XC9cL2tleXRvbi5jb21cL3dwLWNvbnRlbnRcL3VwbG9hZHNcLzIwMjNcLzA3XC9LZXl0b24tMnNlYXRzMi5qcGVnIiwic2xpZGVzaG93IjoiNTU5M2VkNiJ9\">\n\t\t\t\t\t<div class=\"e-gallery-image elementor-gallery-item__image\" data-thumbnail=\"https:\/\/keyton.com\/wp-content\/uploads\/2023\/07\/Keyton-2seats2-300x225.jpeg\" data-width=\"300\" data-height=\"225\" aria-label=\"\" role=\"img\" ><\/div>\n\t\t\t\t\t\t\t\t\t\t\t<div class=\"elementor-gallery-item__overlay\"><\/div>\n\t\t\t\t\t\t\t\t\t\t\t\t\t\t<\/a>\n\t\t\t\t\t\t\t<a class=\"e-gallery-item elementor-gallery-item elementor-animated-content\" href=\"https:\/\/keyton.com\/wp-content\/uploads\/2023\/07\/Keyton-2seats1.jpeg\" data-elementor-open-lightbox=\"yes\" data-elementor-lightbox-slideshow=\"5593ed6\" data-elementor-lightbox-title=\"Keyton 2seats1\" data-e-action-hash=\"#elementor-action%3Aaction%3Dlightbox%26settings%3DeyJpZCI6MTU5NSwidXJsIjoiaHR0cHM6XC9cL2tleXRvbi5jb21cL3dwLWNvbnRlbnRcL3VwbG9hZHNcLzIwMjNcLzA3XC9LZXl0b24tMnNlYXRzMS5qcGVnIiwic2xpZGVzaG93IjoiNTU5M2VkNiJ9\">\n\t\t\t\t\t<div class=\"e-gallery-image elementor-gallery-item__image\" data-thumbnail=\"https:\/\/keyton.com\/wp-content\/uploads\/2023\/07\/Keyton-2seats1-300x225.jpeg\" data-width=\"300\" data-height=\"225\" aria-label=\"\" role=\"img\" ><\/div>\n\t\t\t\t\t\t\t\t\t\t\t<div class=\"elementor-gallery-item__overlay\"><\/div>\n\t\t\t\t\t\t\t\t\t\t\t\t\t\t<\/a>\n\t\t\t\t\t\t\t<a class=\"e-gallery-item elementor-gallery-item elementor-animated-content\" href=\"https:\/\/keyton.com\/wp-content\/uploads\/2023\/07\/IMG_3133.jpg\" data-elementor-open-lightbox=\"yes\" data-elementor-lightbox-slideshow=\"5593ed6\" data-elementor-lightbox-title=\"IMG_3133\" data-e-action-hash=\"#elementor-action%3Aaction%3Dlightbox%26settings%3DeyJpZCI6MTU5NCwidXJsIjoiaHR0cHM6XC9cL2tleXRvbi5jb21cL3dwLWNvbnRlbnRcL3VwbG9hZHNcLzIwMjNcLzA3XC9JTUdfMzEzMy5qcGciLCJzbGlkZXNob3ciOiI1NTkzZWQ2In0%3D\">\n\t\t\t\t\t<div class=\"e-gallery-image elementor-gallery-item__image\" data-thumbnail=\"https:\/\/keyton.com\/wp-content\/uploads\/2023\/07\/IMG_3133-300x225.jpg\" data-width=\"300\" data-height=\"225\" aria-label=\"\" role=\"img\" ><\/div>\n\t\t\t\t\t\t\t\t\t\t\t<div class=\"elementor-gallery-item__overlay\"><\/div>\n\t\t\t\t\t\t\t\t\t\t\t\t\t\t<\/a>\n\t\t\t\t\t\t\t<a class=\"e-gallery-item elementor-gallery-item elementor-animated-content\" href=\"https:\/\/keyton.com\/wp-content\/uploads\/2023\/07\/Cinedesign-4-scaled.jpg\" data-elementor-open-lightbox=\"yes\" data-elementor-lightbox-slideshow=\"5593ed6\" data-elementor-lightbox-title=\"Cinedesign 4\" data-e-action-hash=\"#elementor-action%3Aaction%3Dlightbox%26settings%3DeyJpZCI6MTU5MywidXJsIjoiaHR0cHM6XC9cL2tleXRvbi5jb21cL3dwLWNvbnRlbnRcL3VwbG9hZHNcLzIwMjNcLzA3XC9DaW5lZGVzaWduLTQtc2NhbGVkLmpwZyIsInNsaWRlc2hvdyI6IjU1OTNlZDYifQ%3D%3D\">\n\t\t\t\t\t<div class=\"e-gallery-image elementor-gallery-item__image\" data-thumbnail=\"https:\/\/keyton.com\/wp-content\/uploads\/2023\/07\/Cinedesign-4-200x300.jpg\" data-width=\"200\" data-height=\"300\" aria-label=\"\" role=\"img\" ><\/div>\n\t\t\t\t\t\t\t\t\t\t\t<div class=\"elementor-gallery-item__overlay\"><\/div>\n\t\t\t\t\t\t\t\t\t\t\t\t\t\t<\/a>\n\t\t\t\t\t\t\t<a class=\"e-gallery-item elementor-gallery-item elementor-animated-content\" href=\"https:\/\/keyton.com\/wp-content\/uploads\/2023\/07\/Cinedesign-3-scaled.jpg\" data-elementor-open-lightbox=\"yes\" data-elementor-lightbox-slideshow=\"5593ed6\" data-elementor-lightbox-title=\"Cinedesign 3\" data-e-action-hash=\"#elementor-action%3Aaction%3Dlightbox%26settings%3DeyJpZCI6MTU5MiwidXJsIjoiaHR0cHM6XC9cL2tleXRvbi5jb21cL3dwLWNvbnRlbnRcL3VwbG9hZHNcLzIwMjNcLzA3XC9DaW5lZGVzaWduLTMtc2NhbGVkLmpwZyIsInNsaWRlc2hvdyI6IjU1OTNlZDYifQ%3D%3D\">\n\t\t\t\t\t<div class=\"e-gallery-image elementor-gallery-item__image\" data-thumbnail=\"https:\/\/keyton.com\/wp-content\/uploads\/2023\/07\/Cinedesign-3-300x200.jpg\" data-width=\"300\" data-height=\"200\" aria-label=\"\" role=\"img\" ><\/div>\n\t\t\t\t\t\t\t\t\t\t\t<div class=\"elementor-gallery-item__overlay\"><\/div>\n\t\t\t\t\t\t\t\t\t\t\t\t\t\t<\/a>\n\t\t\t\t\t\t\t<a class=\"e-gallery-item elementor-gallery-item elementor-animated-content\" href=\"https:\/\/keyton.com\/wp-content\/uploads\/2023\/07\/Cinedesign-2-1-scaled.jpg\" data-elementor-open-lightbox=\"yes\" data-elementor-lightbox-slideshow=\"5593ed6\" data-elementor-lightbox-title=\"Cinedesign 2\" data-e-action-hash=\"#elementor-action%3Aaction%3Dlightbox%26settings%3DeyJpZCI6MTU5MCwidXJsIjoiaHR0cHM6XC9cL2tleXRvbi5jb21cL3dwLWNvbnRlbnRcL3VwbG9hZHNcLzIwMjNcLzA3XC9DaW5lZGVzaWduLTItMS1zY2FsZWQuanBnIiwic2xpZGVzaG93IjoiNTU5M2VkNiJ9\">\n\t\t\t\t\t<div class=\"e-gallery-image elementor-gallery-item__image\" data-thumbnail=\"https:\/\/keyton.com\/wp-content\/uploads\/2023\/07\/Cinedesign-2-1-300x200.jpg\" data-width=\"300\" data-height=\"200\" aria-label=\"\" role=\"img\" ><\/div>\n\t\t\t\t\t\t\t\t\t\t\t<div class=\"elementor-gallery-item__overlay\"><\/div>\n\t\t\t\t\t\t\t\t\t\t\t\t\t\t<\/a>\n\t\t\t\t\t\t\t<a class=\"e-gallery-item elementor-gallery-item elementor-animated-content\" href=\"https:\/\/keyton.com\/wp-content\/uploads\/2023\/07\/Cinedesign-1-scaled.jpg\" data-elementor-open-lightbox=\"yes\" data-elementor-lightbox-slideshow=\"5593ed6\" data-elementor-lightbox-title=\"Cinedesign 1\" data-e-action-hash=\"#elementor-action%3Aaction%3Dlightbox%26settings%3DeyJpZCI6MTU4OSwidXJsIjoiaHR0cHM6XC9cL2tleXRvbi5jb21cL3dwLWNvbnRlbnRcL3VwbG9hZHNcLzIwMjNcLzA3XC9DaW5lZGVzaWduLTEtc2NhbGVkLmpwZyIsInNsaWRlc2hvdyI6IjU1OTNlZDYifQ%3D%3D\">\n\t\t\t\t\t<div class=\"e-gallery-image elementor-gallery-item__image\" data-thumbnail=\"https:\/\/keyton.com\/wp-content\/uploads\/2023\/07\/Cinedesign-1-300x200.jpg\" data-width=\"300\" data-height=\"200\" aria-label=\"\" role=\"img\" ><\/div>\n\t\t\t\t\t\t\t\t\t\t\t<div class=\"elementor-gallery-item__overlay\"><\/div>\n\t\t\t\t\t\t\t\t\t\t\t\t\t\t<\/a>\n\t\t\t\t\t\t\t<a class=\"e-gallery-item elementor-gallery-item elementor-animated-content\" href=\"https:\/\/keyton.com\/wp-content\/uploads\/2023\/07\/Cinedesign-2-scaled.jpg\" data-elementor-open-lightbox=\"yes\" data-elementor-lightbox-slideshow=\"5593ed6\" data-elementor-lightbox-title=\"Cinedesign 2\" data-e-action-hash=\"#elementor-action%3Aaction%3Dlightbox%26settings%3DeyJpZCI6MTU1MSwidXJsIjoiaHR0cHM6XC9cL2tleXRvbi5jb21cL3dwLWNvbnRlbnRcL3VwbG9hZHNcLzIwMjNcLzA3XC9DaW5lZGVzaWduLTItc2NhbGVkLmpwZyIsInNsaWRlc2hvdyI6IjU1OTNlZDYifQ%3D%3D\">\n\t\t\t\t\t<div class=\"e-gallery-image elementor-gallery-item__image\" data-thumbnail=\"https:\/\/keyton.com\/wp-content\/uploads\/2023\/07\/Cinedesign-2-300x200.jpg\" data-width=\"300\" data-height=\"200\" aria-label=\"\" role=\"img\" ><\/div>\n\t\t\t\t\t\t\t\t\t\t\t<div class=\"elementor-gallery-item__overlay\"><\/div>\n\t\t\t\t\t\t\t\t\t\t\t\t\t\t<\/a>\n\t\t\t\t\t<\/div>\n\t\t\t\t\t<\/div>\n\t\t\t\t<\/div>\n\t\t\t\t\t<\/div>\n\t\t\t\t<\/div>\n\t\t\t\t\t<\/div>\n\t\t\t\t<\/div>\n\t\t\t\t<\/div>\n\t\t","protected":false},"excerpt":{"rendered":"<p>Heimkino Sitze Komfort und Gesundheit f\u00fcr den R\u00fccken Wir wissen, dass Komfort das A und O ist, um Ihre Freizeit genie\u00dfen zu k\u00f6nnen. Deshalb sind unsere Heimkinositze ergonomisch geformt und bieten optimale passive Unterst\u00fctzung f\u00fcr Ihren R\u00fccken. Genie\u00dfen Sie Ihre Lieblingsfilme in maximalem Komfort, ohne dass Ihre K\u00f6rperhaltung darunter leidet. Keyton entwirft und fertigt hochwertige [&hellip;]<\/p>\n","protected":false},"author":1,"featured_media":0,"parent":0,"menu_order":0,"comment_status":"closed","ping_status":"closed","template":"","meta":{"site-sidebar-layout":"default","site-content-layout":"","ast-site-content-layout":"default","site-content-style":"default","site-sidebar-style":"default","ast-global-header-display":"","ast-banner-title-visibility":"","ast-main-header-display":"","ast-hfb-above-header-display":"","ast-hfb-below-header-display":"","ast-hfb-mobile-header-display":"","site-post-title":"","ast-breadcrumbs-content":"","ast-featured-img":"","footer-sml-layout":"","ast-disable-related-posts":"","theme-transparent-header-meta":"","adv-header-id-meta":"","stick-header-meta":"","header-above-stick-meta":"","header-main-stick-meta":"","header-below-stick-meta":"","astra-migrate-meta-layouts":"default","ast-page-background-enabled":"default","ast-page-background-meta":{"desktop":{"background-color":"var(--ast-global-color-4)","background-image":"","background-repeat":"repeat","background-position":"center center","background-size":"auto","background-attachment":"scroll","background-type":"","background-media":"","overlay-type":"","overlay-color":"","overlay-opacity":"","overlay-gradient":""},"tablet":{"background-color":"","background-image":"","background-repeat":"repeat","background-position":"center center","background-size":"auto","background-attachment":"scroll","background-type":"","background-media":"","overlay-type":"","overlay-color":"","overlay-opacity":"","overlay-gradient":""},"mobile":{"background-color":"","background-image":"","background-repeat":"repeat","background-position":"center center","background-size":"auto","background-attachment":"scroll","background-type":"","background-media":"","overlay-type":"","overlay-color":"","overlay-opacity":"","overlay-gradient":""}},"ast-content-background-meta":{"desktop":{"background-color":"var(--ast-global-color-5)","background-image":"","background-repeat":"repeat","background-position":"center center","background-size":"auto","background-attachment":"scroll","background-type":"","background-media":"","overlay-type":"","overlay-color":"","overlay-opacity":"","overlay-gradient":""},"tablet":{"background-color":"var(--ast-global-color-5)","background-image":"","background-repeat":"repeat","background-position":"center center","background-size":"auto","background-attachment":"scroll","background-type":"","background-media":"","overlay-type":"","overlay-color":"","overlay-opacity":"","overlay-gradient":""},"mobile":{"background-color":"var(--ast-global-color-5)","background-image":"","background-repeat":"repeat","background-position":"center center","background-size":"auto","background-attachment":"scroll","background-type":"","background-media":"","overlay-type":"","overlay-color":"","overlay-opacity":"","overlay-gradient":""}},"footnotes":""},"class_list":["post-2942","page","type-page","status-publish","hentry"],"yoast_head":"<!-- This site is optimized with the Yoast SEO plugin v27.1.1 - https:\/\/yoast.com\/product\/yoast-seo-wordpress\/ -->\n<title>KEYTON Pro Service: Komfort und Design f\u00fcr Unternehmen<\/title>\n<meta name=\"description\" content=\"KEYTON begleitet Fachleute bei der Gestaltung von Wellness-R\u00e4umen. Komfort und Auszeichnung f\u00fcr Physiotherapie- und Sch\u00f6nheitszentren und mehr.\" \/>\n<meta name=\"robots\" content=\"index, follow, max-snippet:-1, max-image-preview:large, max-video-preview:-1\" \/>\n<link rel=\"canonical\" href=\"https:\/\/keyton.com\/de\/home-theatre\/\" \/>\n<meta property=\"og:locale\" content=\"de_DE\" \/>\n<meta property=\"og:type\" content=\"article\" \/>\n<meta property=\"og:title\" content=\"KEYTON Pro Service: Komfort und Design f\u00fcr Unternehmen\" \/>\n<meta property=\"og:description\" content=\"KEYTON begleitet Fachleute bei der Gestaltung von Wellness-R\u00e4umen. Komfort und Auszeichnung f\u00fcr Physiotherapie- und Sch\u00f6nheitszentren und mehr.\" \/>\n<meta property=\"og:url\" content=\"https:\/\/keyton.com\/de\/home-theatre\/\" \/>\n<meta property=\"og:site_name\" content=\"KEYTON\" \/>\n<meta property=\"article:publisher\" content=\"https:\/\/www.facebook.com\/KeytonOfficial\" \/>\n<meta property=\"article:modified_time\" content=\"2024-10-15T08:26:18+00:00\" \/>\n<meta name=\"twitter:card\" content=\"summary_large_image\" \/>\n<meta name=\"twitter:label1\" content=\"Gesch\u00e4tzte Lesezeit\" \/>\n\t<meta name=\"twitter:data1\" content=\"1\u00a0Minute\" \/>\n<script type=\"application\/ld+json\" class=\"yoast-schema-graph\">{\"@context\":\"https:\/\/schema.org\",\"@graph\":[{\"@type\":\"WebPage\",\"@id\":\"https:\/\/keyton.com\/de\/home-theatre\/\",\"url\":\"https:\/\/keyton.com\/de\/home-theatre\/\",\"name\":\"KEYTON Pro Service: Komfort und Design f\u00fcr Unternehmen\",\"isPartOf\":{\"@id\":\"https:\/\/keyton.com\/de\/#website\"},\"datePublished\":\"2023-06-07T10:00:13+00:00\",\"dateModified\":\"2024-10-15T08:26:18+00:00\",\"description\":\"KEYTON begleitet Fachleute bei der Gestaltung von Wellness-R\u00e4umen. Komfort und Auszeichnung f\u00fcr Physiotherapie- und Sch\u00f6nheitszentren und mehr.\",\"breadcrumb\":{\"@id\":\"https:\/\/keyton.com\/de\/home-theatre\/#breadcrumb\"},\"inLanguage\":\"de\",\"potentialAction\":[{\"@type\":\"ReadAction\",\"target\":[\"https:\/\/keyton.com\/de\/home-theatre\/\"]}]},{\"@type\":\"BreadcrumbList\",\"@id\":\"https:\/\/keyton.com\/de\/home-theatre\/#breadcrumb\",\"itemListElement\":[{\"@type\":\"ListItem\",\"position\":1,\"name\":\"Portada\",\"item\":\"https:\/\/keyton.com\/de\/\"},{\"@type\":\"ListItem\",\"position\":2,\"name\":\"Home Theatre\"}]},{\"@type\":\"WebSite\",\"@id\":\"https:\/\/keyton.com\/de\/#website\",\"url\":\"https:\/\/keyton.com\/de\/\",\"name\":\"KEYTON\",\"description\":\"Descubre c\u00f3mo el sill\u00f3n de masaje Keyton puede mejorar tu bienestar.\",\"publisher\":{\"@id\":\"https:\/\/keyton.com\/de\/#organization\"},\"potentialAction\":[{\"@type\":\"SearchAction\",\"target\":{\"@type\":\"EntryPoint\",\"urlTemplate\":\"https:\/\/keyton.com\/de\/?s={search_term_string}\"},\"query-input\":{\"@type\":\"PropertyValueSpecification\",\"valueRequired\":true,\"valueName\":\"search_term_string\"}}],\"inLanguage\":\"de\"},{\"@type\":\"Organization\",\"@id\":\"https:\/\/keyton.com\/de\/#organization\",\"name\":\"KEYTON\",\"url\":\"https:\/\/keyton.com\/de\/\",\"logo\":{\"@type\":\"ImageObject\",\"inLanguage\":\"de\",\"@id\":\"https:\/\/keyton.com\/de\/#\/schema\/logo\/image\/\",\"url\":\"https:\/\/keyton.com\/wp-content\/uploads\/2024\/03\/LOGO-KEYTON.jpg\",\"contentUrl\":\"https:\/\/keyton.com\/wp-content\/uploads\/2024\/03\/LOGO-KEYTON.jpg\",\"width\":500,\"height\":200,\"caption\":\"KEYTON\"},\"image\":{\"@id\":\"https:\/\/keyton.com\/de\/#\/schema\/logo\/image\/\"},\"sameAs\":[\"https:\/\/www.facebook.com\/KeytonOfficial\",\"https:\/\/www.instagram.com\/keyton\"]}]}<\/script>\n<!-- \/ Yoast SEO plugin. -->","yoast_head_json":{"title":"KEYTON Pro Service: Komfort und Design f\u00fcr Unternehmen","description":"KEYTON begleitet Fachleute bei der Gestaltung von Wellness-R\u00e4umen. Komfort und Auszeichnung f\u00fcr Physiotherapie- und Sch\u00f6nheitszentren und mehr.","robots":{"index":"index","follow":"follow","max-snippet":"max-snippet:-1","max-image-preview":"max-image-preview:large","max-video-preview":"max-video-preview:-1"},"canonical":"https:\/\/keyton.com\/de\/home-theatre\/","og_locale":"de_DE","og_type":"article","og_title":"KEYTON Pro Service: Komfort und Design f\u00fcr Unternehmen","og_description":"KEYTON begleitet Fachleute bei der Gestaltung von Wellness-R\u00e4umen. Komfort und Auszeichnung f\u00fcr Physiotherapie- und Sch\u00f6nheitszentren und mehr.","og_url":"https:\/\/keyton.com\/de\/home-theatre\/","og_site_name":"KEYTON","article_publisher":"https:\/\/www.facebook.com\/KeytonOfficial","article_modified_time":"2024-10-15T08:26:18+00:00","twitter_card":"summary_large_image","twitter_misc":{"Gesch\u00e4tzte Lesezeit":"1\u00a0Minute"},"schema":{"@context":"https:\/\/schema.org","@graph":[{"@type":"WebPage","@id":"https:\/\/keyton.com\/de\/home-theatre\/","url":"https:\/\/keyton.com\/de\/home-theatre\/","name":"KEYTON Pro Service: Komfort und Design f\u00fcr Unternehmen","isPartOf":{"@id":"https:\/\/keyton.com\/de\/#website"},"datePublished":"2023-06-07T10:00:13+00:00","dateModified":"2024-10-15T08:26:18+00:00","description":"KEYTON begleitet Fachleute bei der Gestaltung von Wellness-R\u00e4umen. Komfort und Auszeichnung f\u00fcr Physiotherapie- und Sch\u00f6nheitszentren und mehr.","breadcrumb":{"@id":"https:\/\/keyton.com\/de\/home-theatre\/#breadcrumb"},"inLanguage":"de","potentialAction":[{"@type":"ReadAction","target":["https:\/\/keyton.com\/de\/home-theatre\/"]}]},{"@type":"BreadcrumbList","@id":"https:\/\/keyton.com\/de\/home-theatre\/#breadcrumb","itemListElement":[{"@type":"ListItem","position":1,"name":"Portada","item":"https:\/\/keyton.com\/de\/"},{"@type":"ListItem","position":2,"name":"Home Theatre"}]},{"@type":"WebSite","@id":"https:\/\/keyton.com\/de\/#website","url":"https:\/\/keyton.com\/de\/","name":"KEYTON","description":"Descubre c\u00f3mo el sill\u00f3n de masaje Keyton puede mejorar tu bienestar.","publisher":{"@id":"https:\/\/keyton.com\/de\/#organization"},"potentialAction":[{"@type":"SearchAction","target":{"@type":"EntryPoint","urlTemplate":"https:\/\/keyton.com\/de\/?s={search_term_string}"},"query-input":{"@type":"PropertyValueSpecification","valueRequired":true,"valueName":"search_term_string"}}],"inLanguage":"de"},{"@type":"Organization","@id":"https:\/\/keyton.com\/de\/#organization","name":"KEYTON","url":"https:\/\/keyton.com\/de\/","logo":{"@type":"ImageObject","inLanguage":"de","@id":"https:\/\/keyton.com\/de\/#\/schema\/logo\/image\/","url":"https:\/\/keyton.com\/wp-content\/uploads\/2024\/03\/LOGO-KEYTON.jpg","contentUrl":"https:\/\/keyton.com\/wp-content\/uploads\/2024\/03\/LOGO-KEYTON.jpg","width":500,"height":200,"caption":"KEYTON"},"image":{"@id":"https:\/\/keyton.com\/de\/#\/schema\/logo\/image\/"},"sameAs":["https:\/\/www.facebook.com\/KeytonOfficial","https:\/\/www.instagram.com\/keyton"]}]}},"_links":{"self":[{"href":"https:\/\/keyton.com\/de\/wp-json\/wp\/v2\/pages\/2942","targetHints":{"allow":["GET"]}}],"collection":[{"href":"https:\/\/keyton.com\/de\/wp-json\/wp\/v2\/pages"}],"about":[{"href":"https:\/\/keyton.com\/de\/wp-json\/wp\/v2\/types\/page"}],"author":[{"embeddable":true,"href":"https:\/\/keyton.com\/de\/wp-json\/wp\/v2\/users\/1"}],"replies":[{"embeddable":true,"href":"https:\/\/keyton.com\/de\/wp-json\/wp\/v2\/comments?post=2942"}],"version-history":[{"count":15,"href":"https:\/\/keyton.com\/de\/wp-json\/wp\/v2\/pages\/2942\/revisions"}],"predecessor-version":[{"id":17213,"href":"https:\/\/keyton.com\/de\/wp-json\/wp\/v2\/pages\/2942\/revisions\/17213"}],"wp:attachment":[{"href":"https:\/\/keyton.com\/de\/wp-json\/wp\/v2\/media?parent=2942"}],"curies":[{"name":"wp","href":"https:\/\/api.w.org\/{rel}","templated":true}]}}